{"id":931,"date":"2018-12-06T01:03:38","date_gmt":"2018-12-06T00:03:38","guid":{"rendered":"http:\/\/www.redies.com\/web\/?page_id=931"},"modified":"2026-03-31T10:49:39","modified_gmt":"2026-03-31T08:49:39","slug":"contact","status":"publish","type":"page","link":"https:\/\/www.redies.com\/web\/en\/contact\/","title":{"rendered":"Contact"},"content":{"rendered":"<table id=\"table_contact\">\r\n<tbody>\r\n<tr>\r\n<td class=\"arial11_blue_bold\">\r\n<p><span class=\"arialred12bold\">Production Units<br \/>\r\n<\/span><\/p>\r\n<hr \/><\/td>\r\n<td class=\"arial11_blue_bold\">\u00a0<\/td>\r\n<td class=\"arial11_blue_bold\">\u00a0<\/td>\r\n<td class=\"arial11_blue_bold\">\u00a0<\/td>\r\n<\/tr>\r\n<tr>\r\n<td>&nbsp;<\/td>\r\n<td>&nbsp;<\/td>\r\n<td>&nbsp;<\/td>\r\n<td>&nbsp;<\/td>\r\n<\/tr>\r\n<tr>\r\n<td class=\"arial12_blue_bold_contact\" colspan=\"4\">Italy<\/td>\r\n<\/tr>\r\n<tr>\r\n<td class=\"arial12_blue_bold_contact\"><img loading=\"lazy\" decoding=\"async\" class=\"alignnone wp-image-1941 size-full\" src=\"https:\/\/www.redies.com\/web\/wp-content\/uploads\/2026\/03\/rl.jpg\" alt=\"Riccardo Longoni\" width=\"100\" height=\"100\" \/><br \/>\r\nRiccardo Longoni<br \/>\r\nProcuratore + Sales<br \/>\r\n<a class=\"moz-txt-link-abbreviated\" href=\"mailto:riccardo.longoni@redies.com\">riccardo.longoni@redies.com<\/a><\/td>\r\n<td><img loading=\"lazy\" decoding=\"async\" class=\"alignnone size-full wp-image-224\" src=\"https:\/\/www.redies.com\/web\/wp-content\/uploads\/2017\/11\/monica.jpg\" alt=\"\" width=\"100\" height=\"100\" \/> <br \/>\r\n<span class=\"arial10_blue_bold\">Monica Nava<\/span><br \/>\r\nQuality Manager<br \/>\r\n<a href=\"mailto:monica.nava@redies.com\">monica.nava@redies.com<\/a><\/td>\r\n<td><span class=\"arial11_blue_bold\">REDIES S.R.L<\/span> Via Cantore 31\/33<br \/>\r\n20833 Giussano (MB)<br \/>\r\nItaly<br \/>\r\nTel.: +39 0362 852160<br \/>\r\nFax: +39 0362 852078<br \/>\r\nE-mail: <a href=\"mailto:info.it@redies.com\">info.it@redies.com<\/a> <br \/>\r\nVAT: IT00787350966<\/td>\r\n<td><span class=\"arial11black\"><a href=\"https:\/\/www.google.com\/maps\/place\/Redies+(S.R.L.)\/@45.6778977,9.3637078,11z\/data=!4m5!3m4!1s0x4786bdbb1fce1ec3:0xde0751293cf22344!8m2!3d45.705664!4d9.214695\" target=\"new\" rel=\"noopener noreferrer\"><img loading=\"lazy\" decoding=\"async\" class=\"alignnone size-full wp-image-231\" src=\"https:\/\/www.redies.com\/web\/wp-content\/uploads\/2017\/11\/map_thumb_100_it.jpg\" alt=\"\" width=\"100\" height=\"100\" \/><\/a><\/span><span class=\"language_choose\"><a href=\"https:\/\/www.google.com\/maps\/place\/Redies+(S.R.L.)\/@45.6778977,9.3637078,11z\/data=!4m5!3m4!1s0x4786bdbb1fce1ec3:0xde0751293cf22344!8m2!3d45.705664!4d9.214695\" target=\"new\" rel=\"noopener noreferrer\"><br \/>\r\nShow map<\/a><\/span><\/td>\r\n<\/tr>\r\n<tr>\r\n<td>&nbsp;<\/td>\r\n<td>&nbsp;<\/td>\r\n<td><span class=\"arial11_blue_bold\">\u00a0<\/span><\/td>\r\n<td><span class=\"arial11black\">\u00a0<\/span><\/td>\r\n<\/tr>\r\n<tr>\r\n<td colspan=\"4\"><span class=\"arial12_blue_bold_contact\">Germany<\/span><\/td>\r\n<\/tr>\r\n<tr>\r\n<td><img loading=\"lazy\" decoding=\"async\" class=\"alignnone wp-image-1757 size-full\" src=\"https:\/\/www.redies.com\/web\/wp-content\/uploads\/2023\/09\/5M9A4565-100x100-1.jpg\" alt=\"\" width=\"100\" height=\"100\" \/> <br \/>\r\nFerdinand Kie\u00dfling<br \/>\r\nGeneral Manager <br \/>\r\n<a href=\"mailto:ferdinand.kiessling@redies.com\">ferdinand.kiessling@redies.com<\/a><\/td>\r\n<td><img loading=\"lazy\" decoding=\"async\" class=\"alignnone size-full wp-image-221\" src=\"https:\/\/www.redies.com\/web\/wp-content\/uploads\/2017\/11\/ulrich_kiwus.jpg\" alt=\"\" width=\"100\" height=\"100\" \/><br \/>\r\n<span class=\"arial10_blue_bold\">Ulrich Kiwus<br \/>\r\n<\/span>Sales <br \/>\r\n<a href=\"mailto:ulrich.kiwus@redies.com\">ulrich.kiwus@redies.com<\/a><\/td>\r\n<td class=\"arial11_blue_bold\">REDIES Deutschland GmbH<br \/>\r\nMetzgerstr. 1<br \/>\r\n52070 Aachen<br \/>\r\nDeutschland<br \/>\r\nTel.: +49 241 504222<br \/>\r\nFax: +49 241 5152305 <br \/>\r\nE-mail: <a href=\"mailto:info.de@redies.com\">info.de@redies.com<\/a> <br \/>\r\nUST-Id-Nr.: DE194134831<\/td>\r\n<td><span class=\"arial11black\"><a href=\"https:\/\/www.google.com\/maps\/place\/Redies+Deutschland+GmbH+&amp;+Co.+KG\/@50.78753,6.1106413,17z\/data=!3m1!4b1!4m5!3m4!1s0x47c09947d3d416bb:0x15849611b70c29d3!8m2!3d50.78753!4d6.11283\" target=\"new\" rel=\"noopener noreferrer\"><br \/>\r\n<img loading=\"lazy\" decoding=\"async\" class=\"alignnone size-full wp-image-230\" src=\"https:\/\/www.redies.com\/web\/wp-content\/uploads\/2017\/11\/map_thumb_100_de.jpg\" alt=\"\" width=\"100\" height=\"100\" \/><\/a><\/span><span class=\"language_choose\"><a href=\"https:\/\/www.google.com\/maps\/place\/Redies+Deutschland+GmbH+&amp;+Co.+KG\/@50.78753,6.1106413,17z\/data=!3m1!4b1!4m5!3m4!1s0x47c09947d3d416bb:0x15849611b70c29d3!8m2!3d50.78753!4d6.11283\" target=\"new\" rel=\"noopener noreferrer\"><br \/>\r\nShow map<\/a><\/span><\/td>\r\n<\/tr>\r\n<tr>\r\n<td><img loading=\"lazy\" decoding=\"async\" class=\"alignnone size-full wp-image-220\" src=\"https:\/\/www.redies.com\/web\/wp-content\/uploads\/2017\/11\/Uschi.jpg\" alt=\"\" width=\"100\" height=\"100\" \/> <br \/>\r\n<span class=\"arial10_blue_bold\">Uschi Messerschmied<\/span><br \/>\r\nQuality Manager<br \/>\r\n<a href=\"mailto:info.de@redies.com\">info.de@redies.com<\/a><\/td>\r\n<td>&nbsp;<\/td>\r\n<td>&nbsp;<\/td>\r\n<td><span class=\"arial11black\">\u00a0<\/span><\/td>\r\n<\/tr>\r\n<tr>\r\n<td>&nbsp;<\/td>\r\n<td>&nbsp;<\/td>\r\n<td>&nbsp;<\/td>\r\n<td><span class=\"arial11black\">\u00a0<\/span><\/td>\r\n<\/tr>\r\n<tr>\r\n<td class=\"table_spalte_bottom\" colspan=\"4\"><span class=\"arial12_blue_bold_contact\">Czech Republic<\/span><\/td>\r\n<\/tr>\r\n<tr>\r\n<td class=\"arial11_blue_bold\"><img loading=\"lazy\" decoding=\"async\" class=\"alignnone wp-image-1758 size-full\" src=\"https:\/\/www.redies.com\/web\/wp-content\/uploads\/2023\/09\/5M9A4481-100x100-1.jpg\" alt=\"\" width=\"100\" height=\"100\" \/> <br \/>\r\nPetra Pra\u017e\u00e1kov\u00e1<br \/>\r\nGeneral Manager<br \/>\r\n<a href=\"mailto:info.cz@redies.com\">info.cz@redies.com<\/a><\/td>\r\n<td><img loading=\"lazy\" decoding=\"async\" class=\"alignnone wp-image-1759 size-full\" src=\"https:\/\/www.redies.com\/web\/wp-content\/uploads\/2023\/09\/5M9A4487-100x100-1.jpg\" alt=\"\" width=\"100\" height=\"100\" \/> <br \/>\r\nAndrea Kopeck\u00e1<br \/>\r\nHead of production <br \/>\r\n<a href=\"mailto:info.cz@redies.com\">info.cz@redies.com<\/a><\/td>\r\n<td class=\"arial11_blue_bold\">REDIES Czech s.r.o.<br \/>\r\n\u017dambereck\u00e1 354, 1st floor <br \/>\r\n51754 Vamberk<br \/>\r\nTschechische Republik<br \/>\r\nTel\/Fax: +42 0494 661 051 <br \/>\r\nE-mail: <a href=\"mailto:info.cz@redies.com\">info.cz@redies.com<\/a> <br \/>\r\nUSt-ID-Nr.: CZ27954838<\/td>\r\n<td><span class=\"arial11black\"><a href=\"https:\/\/www.google.de\/maps\/place\/%C5%BDambereck%C3%A1+354,+517+54+Vamberk,+Czechia\/@50.1173761,16.294288,17z\/data=!3m1!4b1!4m6!3m5!1s0x470de0b67924c413:0x8d7f59ad58846b8a!8m2!3d50.1173761!4d16.294288!16s%2Fg%2F11c5jf6mx1?hl=en&#038;entry=ttu\" target=\"new\" rel=\"noopener noreferrer\"><br \/>\r\n<img loading=\"lazy\" decoding=\"async\" class=\"alignnone size-full wp-image-229\" src=\"https:\/\/www.redies.com\/web\/wp-content\/uploads\/2017\/11\/map_thumb_100_cz.jpg\" alt=\"\" width=\"100\" height=\"100\" \/><\/a><\/span><span class=\"language_choose\"><a href=\"https:\/\/www.google.de\/maps\/place\/%C5%BDambereck%C3%A1+354,+517+54+Vamberk,+Czechia\/@50.1173761,16.294288,17z\/data=!3m1!4b1!4m6!3m5!1s0x470de0b67924c413:0x8d7f59ad58846b8a!8m2!3d50.1173761!4d16.294288!16s%2Fg%2F11c5jf6mx1?hl=en&#038;entry=ttu\" target=\"new\" rel=\"noopener noreferrer\"><br \/>\r\nShow map<\/a><\/span><\/td>\r\n<\/tr>\r\n<tr>\r\n<td class=\"arialred12bold\" valign=\"middle\">\r\n<p>Representatives<\/p>\r\n<hr \/><\/td>\r\n<td colspan=\"3\">\u00a0<\/td>\r\n<\/tr>\r\n<tr>\r\n<td class=\"arial12_blue_bold_contact\">North East Italy<\/td>\r\n<td class=\"arial10_blue_bold\">Rizzotto Riccardo<\/td>\r\n<td>Via A. Volta 46<br \/>\r\n36054 Montebello Vincentino (VI)<br \/>\r\nItalien<br \/>\r\nMobil: +39 3477 121 234<br \/>\r\nFax: +39 0444 440 434<br \/>\r\nE-mail: <a href=\"mailto:rizz8riccardo@gmail.com\">rizz8riccardo@gmail.com<\/a><\/td>\r\n<td rowspan=\"15\">\u00a0<\/td>\r\n<\/tr>\r\n<tr>\r\n<td class=\"table_spalte_top\" colspan=\"3\">\u00a0<\/td>\r\n<\/tr>\r\n<tr>\r\n<td><span class=\"arial12_blue_bold_contact\">Sweden<br \/>\r\nFinnland <br \/>\r\n<\/span><\/td>\r\n<td class=\"bold11\">Jakokem AB <br \/>\r\n<span class=\"arial10_blue_bold\">Mr. Jesper Danielsson<\/span><\/td>\r\n<td>Box 2119<br \/>\r\n13502 Tyreso<br \/>\r\nSweden<br \/>\r\nTel: +46 739 817 399<br \/>\r\nTel: +46 87 427 515<br \/>\r\nFax: +46 87 422 215<br \/>\r\nE-mail: <a href=\"mailto:jesper@jakokem.se\">jesper@jakokem.se<\/a><\/td>\r\n<\/tr>\r\n<tr>\r\n<td class=\"table_spalte_top\" colspan=\"3\">\u00a0<\/td>\r\n<\/tr>\r\n<tr>\r\n<td><span class=\"arial12_blue_bold_contact\">Greece<\/span><\/td>\r\n<td class=\"bold11\">Syrmatotechnika<br \/>\r\nMercouris <br \/>\r\n<span class=\"arial10_blue_bold\">Mr. Mercouris<\/span><\/td>\r\n<td>Proussis Str. Charavgi 25<br \/>\r\n17236 Daphne<br \/>\r\nGriechenland<br \/>\r\nTel: +30 2105 777 080<br \/>\r\nFax: +30 2105 787 420<br \/>\r\nE-mail: <a href=\"mailto:syrmerkd@otenet.gr\">syrmerkd@otenet.gr<\/a><\/td>\r\n<\/tr>\r\n<tr>\r\n<td>\r\n<p><span class=\"arialred12bold\">Others<\/span><\/p>\r\n<hr \/><\/td>\r\n<td>&nbsp;<\/td>\r\n<td>&nbsp;<\/td>\r\n<\/tr>\r\n<tr>\r\n<td><span class=\"arial12_blue_bold_contact\">contact Iran<\/span><\/td>\r\n<td class=\"bold11\">Pouya sanat khavarmiyaneh<br \/>\r\ntrading Co.<br \/>\r\n<span class=\"arial10_blue_bold\">N. Naderpoor<br \/>\r\nManaging Director<\/span><\/td>\r\n<td>\r\n<p>Unit 11, 3rd Floor, No.23, <br \/>\r\nMotahari Ave<br \/>\r\nTehran<br \/>\r\n<b>Iran<\/b><\/p>\r\n<p>Tel. : 0098 21 88448898<br \/>\r\nFax : 0098 21 88427674<br \/>\r\n<a href=\"mailto:naderpoor@pouya-sanat.com\" target=\"new\" rel=\"noopener noreferrer\">naderpoor@pouya-sanat.com<br \/>\r\n<\/a><\/p>\r\n<\/td>\r\n<\/tr>\r\n<\/tbody>\r\n<\/table>","protected":false},"excerpt":{"rendered":"Production Units \u00a0 \u00a0 \u00a0 &nbsp; &nbsp; &nbsp; &nbsp; Italy Riccardo Longoni Procuratore + Sales riccardo.longoni@redies.com Monica Nava Quality Manager monica.nava@redies.com REDIES S.R.L Via Cantore 31\/33 20833 Giussano (MB) Italy Tel.: +39 0362 852160 Fax: +39 0362 852078 E-mail: info.it@redies.com VAT: IT00787350966 Show map &nbsp; &nbsp; \u00a0 \u00a0 Germany Ferdinand Kie\u00dfling General Manager ferdinand.kiessling@redies.com Ulrich [&hellip;]","protected":false},"author":1,"featured_media":4,"parent":0,"menu_order":0,"comment_status":"closed","ping_status":"closed","template":"","meta":{"footnotes":""},"class_list":["post-931","page","type-page","status-publish","hentry"],"_links":{"self":[{"href":"https:\/\/www.redies.com\/web\/wp-json\/wp\/v2\/pages\/931","targetHints":{"allow":["GET"]}}],"collection":[{"href":"https:\/\/www.redies.com\/web\/wp-json\/wp\/v2\/pages"}],"about":[{"href":"https:\/\/www.redies.com\/web\/wp-json\/wp\/v2\/types\/page"}],"author":[{"embeddable":true,"href":"https:\/\/www.redies.com\/web\/wp-json\/wp\/v2\/users\/1"}],"replies":[{"embeddable":true,"href":"https:\/\/www.redies.com\/web\/wp-json\/wp\/v2\/comments?post=931"}],"version-history":[{"count":37,"href":"https:\/\/www.redies.com\/web\/wp-json\/wp\/v2\/pages\/931\/revisions"}],"predecessor-version":[{"id":1944,"href":"https:\/\/www.redies.com\/web\/wp-json\/wp\/v2\/pages\/931\/revisions\/1944"}],"wp:featuredmedia":[{"embeddable":true,"href":"https:\/\/www.redies.com\/web\/wp-json\/wp\/v2\/media\/4"}],"wp:attachment":[{"href":"https:\/\/www.redies.com\/web\/wp-json\/wp\/v2\/media?parent=931"}],"curies":[{"name":"wp","href":"https:\/\/api.w.org\/{rel}","templated":true}]}}