{"id":78,"date":"2017-11-06T12:16:57","date_gmt":"2017-11-06T11:16:57","guid":{"rendered":"http:\/\/www.redies.com\/web\/?page_id=78"},"modified":"2019-01-29T13:36:48","modified_gmt":"2019-01-29T12:36:48","slug":"la-nostra-societa","status":"publish","type":"page","link":"https:\/\/www.redies.com\/web\/it\/la-nostra-societa\/","title":{"rendered":"La nostra Societ\u00e0"},"content":{"rendered":"<p><span id=\"cs-slider-shortcode\"><div style=\"display: none;\" class=\"crellyslider-slider crellyslider-slider-full-width crellyslider-slider-it_about_us crellyslider-9\" id=\"crellyslider-9\">\n<ul>\n<li\nstyle=\"\nbackground-color: transparent;\nbackground-image: none;\nbackground-position: center center;\nbackground-repeat: no-repeat;\nbackground-size: cover;\n\n\"\ndata-in=\"fade\"\ndata-ease-in=\"0\"\ndata-out=\"fade\"\ndata-ease-out=\"0\"\ndata-time=\"7000\"\n>\n<img\nclass=\"\"\nsrc=\"https:\/\/www.redies.com\/web\/wp-content\/uploads\/2017\/12\/about_us_europe.png\"\nalt=\"\"\nstyle=\"\nz-index: 0;\n\n\"\ndata-delay=\"0\"\ndata-ease-in=\"1000\"\ndata-ease-out=\"1000\"\ndata-in=\"fadeDown\"\ndata-out=\"fade\"\ndata-ignore-ease-out=\"0\"\ndata-top=\"0\"\ndata-left=\"0\"\ndata-time=\"all\"\n\/>\n<\/li>\n<li\nstyle=\"\nbackground-color: transparent;\nbackground-image: none;\nbackground-position: center center;\nbackground-repeat: no-repeat;\nbackground-size: cover;\n\n\"\ndata-in=\"fade\"\ndata-ease-in=\"0\"\ndata-out=\"fade\"\ndata-ease-out=\"0\"\ndata-time=\"7000\"\n>\n<div\nclass=\"aboutus_slider_text\"\nstyle=\"z-index: 1;\n\n\"\ndata-delay=\"1500\"\ndata-ease-in=\"1000\"\ndata-ease-out=\"300\"\ndata-in=\"fadeDown\"\ndata-out=\"slideLeft\"\ndata-ignore-ease-out=\"0\"\ndata-top=\"40\"\ndata-left=\"40\"\ndata-time=\"all\"\n><span style=\"font-size: 16px;\"><strong><span style=\"font-family: arial, helvetica, sans-serif;\">Centratura del diamante naturale orientato &lt;111&gt;<\/span><\/strong><\/span><\/div>\n<img\nclass=\"\"\nsrc=\"https:\/\/www.redies.com\/web\/wp-content\/uploads\/2017\/12\/about_us_zentrieren.png\"\nalt=\"\"\nstyle=\"\nz-index: 0;\n\n\"\ndata-delay=\"0\"\ndata-ease-in=\"1000\"\ndata-ease-out=\"1000\"\ndata-in=\"fadeDown\"\ndata-out=\"fade\"\ndata-ignore-ease-out=\"0\"\ndata-top=\"0\"\ndata-left=\"0\"\ndata-time=\"all\"\n\/>\n<\/li>\n<li\nstyle=\"\nbackground-color: transparent;\nbackground-image: none;\nbackground-position: center center;\nbackground-repeat: no-repeat;\nbackground-size: cover;\n\n\"\ndata-in=\"fade\"\ndata-ease-in=\"0\"\ndata-out=\"fade\"\ndata-ease-out=\"0\"\ndata-time=\"7000\"\n>\n<div\nclass=\"\"\nstyle=\"z-index: 1;\n\n\"\ndata-delay=\"1500\"\ndata-ease-in=\"1000\"\ndata-ease-out=\"300\"\ndata-in=\"fadeDown\"\ndata-out=\"slideLeft\"\ndata-ignore-ease-out=\"0\"\ndata-top=\"20\"\ndata-left=\"40\"\ndata-time=\"all\"\n><span style=\"font-size: 16px; color: #ffffff;\"><strong><span style=\"font-family: arial, helvetica, sans-serif;\">Cuscinetto pneumatico (concetricit\u00e0 di 0,1 micron) nel nostro laser.<\/span><\/strong><\/span><\/div>\n<img\nclass=\"\"\nsrc=\"https:\/\/www.redies.com\/web\/wp-content\/uploads\/2017\/12\/about_us_laser.png\"\nalt=\"\"\nstyle=\"\nz-index: 0;\n\n\"\ndata-delay=\"0\"\ndata-ease-in=\"1000\"\ndata-ease-out=\"1000\"\ndata-in=\"fadeDown\"\ndata-out=\"fade\"\ndata-ignore-ease-out=\"0\"\ndata-top=\"0\"\ndata-left=\"0\"\ndata-time=\"all\"\n\/>\n<\/li>\n<li\nstyle=\"\nbackground-color: transparent;\nbackground-image: none;\nbackground-position: center center;\nbackground-repeat: no-repeat;\nbackground-size: cover;\n\n\"\ndata-in=\"fade\"\ndata-ease-in=\"0\"\ndata-out=\"fade\"\ndata-ease-out=\"0\"\ndata-time=\"7000\"\n>\n<div\nclass=\"\"\nstyle=\"z-index: 1;\n\n\"\ndata-delay=\"1500\"\ndata-ease-in=\"1000\"\ndata-ease-out=\"300\"\ndata-in=\"fadeDown\"\ndata-out=\"slideLeft\"\ndata-ignore-ease-out=\"0\"\ndata-top=\"30\"\ndata-left=\"40\"\ndata-time=\"all\"\n><span style=\"font-size: 16px; color: #ffffff;\"><strong><span style=\"font-family: arial, helvetica, sans-serif;\">I diamanti naturali e PCD sono sinterizzati a pressione conduttiva.<\/span><\/strong><\/span><\/div>\n<img\nclass=\"\"\nsrc=\"https:\/\/www.redies.com\/web\/wp-content\/uploads\/2017\/12\/about_us_sinterpresse.png\"\nalt=\"\"\nstyle=\"\nz-index: 0;\n\n\"\ndata-delay=\"0\"\ndata-ease-in=\"1000\"\ndata-ease-out=\"1000\"\ndata-in=\"fadeDown\"\ndata-out=\"fade\"\ndata-ignore-ease-out=\"0\"\ndata-top=\"0\"\ndata-left=\"0\"\ndata-time=\"all\"\n\/>\n<\/li>\n<li\nstyle=\"\nbackground-color: transparent;\nbackground-image: none;\nbackground-position: center center;\nbackground-repeat: no-repeat;\nbackground-size: cover;\n\n\"\ndata-in=\"fade\"\ndata-ease-in=\"0\"\ndata-out=\"fade\"\ndata-ease-out=\"0\"\ndata-time=\"7000\"\n>\n<div\nclass=\"\"\nstyle=\"z-index: 1;\n\n\"\ndata-delay=\"1500\"\ndata-ease-in=\"1000\"\ndata-ease-out=\"300\"\ndata-in=\"fadeDown\"\ndata-out=\"slideLeft\"\ndata-ignore-ease-out=\"0\"\ndata-top=\"20\"\ndata-left=\"40\"\ndata-time=\"all\"\n><span style=\"font-size: 16px; color: #ffffff;\"><strong><span style=\"font-family: arial, helvetica, sans-serif;\">Ispezione ottica e del diametro.<\/span><\/strong><\/span><\/div>\n<img\nclass=\"\"\nsrc=\"https:\/\/www.redies.com\/web\/wp-content\/uploads\/2017\/12\/about_us_kontrolle.png\"\nalt=\"\"\nstyle=\"\nz-index: 0;\n\n\"\ndata-delay=\"0\"\ndata-ease-in=\"1000\"\ndata-ease-out=\"1000\"\ndata-in=\"fadeDown\"\ndata-out=\"fade\"\ndata-ignore-ease-out=\"0\"\ndata-top=\"0\"\ndata-left=\"0\"\ndata-time=\"all\"\n\/>\n<\/li>\n<li\nstyle=\"\nbackground-color: transparent;\nbackground-image: none;\nbackground-position: center center;\nbackground-repeat: no-repeat;\nbackground-size: cover;\n\n\"\ndata-in=\"fade\"\ndata-ease-in=\"0\"\ndata-out=\"fade\"\ndata-ease-out=\"0\"\ndata-time=\"7000\"\n>\n<div\nclass=\"\"\nstyle=\"z-index: 1;\n\n\"\ndata-delay=\"1500\"\ndata-ease-in=\"1000\"\ndata-ease-out=\"300\"\ndata-in=\"fadeDown\"\ndata-out=\"slideLeft\"\ndata-ignore-ease-out=\"0\"\ndata-top=\"20\"\ndata-left=\"40\"\ndata-time=\"all\"\n><span style=\"font-size: 16px; color: #ffffff;\"><strong><span style=\"font-family: arial, helvetica, sans-serif;\">Macchine lucidatrici a ultrasuoni.<\/span><\/strong><\/span><\/div>\n<img\nclass=\"\"\nsrc=\"https:\/\/www.redies.com\/web\/wp-content\/uploads\/2017\/12\/about_us_7.png\"\nalt=\"\"\nstyle=\"\nz-index: 0;\n\n\"\ndata-delay=\"0\"\ndata-ease-in=\"1000\"\ndata-ease-out=\"1000\"\ndata-in=\"fadeDown\"\ndata-out=\"fade\"\ndata-ignore-ease-out=\"0\"\ndata-top=\"0\"\ndata-left=\"0\"\ndata-time=\"all\"\n\/>\n<\/li>\n<li\nstyle=\"\nbackground-color: transparent;\nbackground-image: none;\nbackground-position: center center;\nbackground-repeat: no-repeat;\nbackground-size: cover;\n\n\"\ndata-in=\"fade\"\ndata-ease-in=\"0\"\ndata-out=\"fade\"\ndata-ease-out=\"0\"\ndata-time=\"7000\"\n>\n<div\nclass=\"aboutus_slider_text\"\nstyle=\"z-index: 1;\n\n\"\ndata-delay=\"1500\"\ndata-ease-in=\"1000\"\ndata-ease-out=\"300\"\ndata-in=\"fadeDown\"\ndata-out=\"slideLeft\"\ndata-ignore-ease-out=\"0\"\ndata-top=\"2\"\ndata-left=\"284\"\ndata-time=\"all\"\n><span style=\"font-size: 16px; color: #0093dd;\"><strong><span style=\"font-family: arial, helvetica, sans-serif;\">Stabilimento di produzione a Giussano (Milano, Italia)<\/span><\/strong><\/span><\/div>\n<img\nclass=\"\"\nsrc=\"https:\/\/www.redies.com\/web\/wp-content\/uploads\/2017\/12\/about_us_building.png\"\nalt=\"\"\nstyle=\"\nz-index: 0;\n\n\"\ndata-delay=\"0\"\ndata-ease-in=\"1000\"\ndata-ease-out=\"1000\"\ndata-in=\"fadeDown\"\ndata-out=\"fade\"\ndata-ignore-ease-out=\"0\"\ndata-top=\"0\"\ndata-left=\"0\"\ndata-time=\"all\"\n\/>\n<\/li>\n<\/ul>\n<\/div>\n<script type=\"text\/javascript\">\n(function($) {\n$(document).ready(function() {\n$(\"#crellyslider-9\").crellySlider({\nlayout: 'full-width',\nresponsive: 1,\nstartWidth: 750,\nstartHeight: 320,\nautomaticSlide: 1,\nshowControls: 1,\nshowNavigation: 1,\nenableSwipe: 1,\nshowProgressBar: 0,\npauseOnHover: 0,\nrandomOrder: 0,\nstartFromSlide: 0,\nbeforeStart : function() {},\nbeforeSetResponsive : function() {},\nbeforeSlideStart : function() {},\nbeforePause\t: function() {},\nbeforeResume : function() {},\n});\n});\n})(jQuery);\n<\/script>\n<\/span><\/p>\r\n<p>REDIES \u00e8 stata fondata nel 1980 da Giuseppe Redaelli il quale ha ereditato dai genitori un\u2019azienda gi\u00e0 da anni operante nel settore delle filiere per trafilati sul mercato italiano locale.<\/p>\r\n<p>Grazie alla dinamicit\u00e0 ed al desiderio di promuovere un constante sviluppo, la compagnia si \u00e8 posizionata con successo sui mercati italiano ed internazionale soddisfacendo le richieste di societ\u00e0 molto rinomate.<\/p>\r\n<p>Un particolare riconoscimento va a REDIES per l\u2019esperienza ed i risultati ottenuti con le filiere nel settore dello steel-cord, acciaio inoxidabile e CO2.<\/p>\r\n<p>Nel 2005 REDIES ha incrementato la sua struttura manageriale e produttiva. La flessibilit\u00e0 italiana si \u00e8 unita al rigore tedesco. Con la creazione della filiale tedesca (Aachen) e nel 2007 di quella Ceca (Vamberk) l\u2019orientamento internazionale si \u00e8 rafforzato.<\/p>","protected":false},"excerpt":{"rendered":"REDIES \u00e8 stata fondata nel 1980 da Giuseppe Redaelli il quale ha ereditato dai genitori un\u2019azienda gi\u00e0 da anni operante nel settore delle filiere per trafilati sul mercato italiano locale. Grazie alla dinamicit\u00e0 ed al desiderio di promuovere un constante sviluppo, la compagnia si \u00e8 posizionata con successo sui mercati italiano ed internazionale soddisfacendo le [&hellip;]","protected":false},"author":1,"featured_media":0,"parent":0,"menu_order":0,"comment_status":"closed","ping_status":"closed","template":"","meta":{"footnotes":""},"class_list":["post-78","page","type-page","status-publish","hentry"],"_links":{"self":[{"href":"https:\/\/www.redies.com\/web\/wp-json\/wp\/v2\/pages\/78","targetHints":{"allow":["GET"]}}],"collection":[{"href":"https:\/\/www.redies.com\/web\/wp-json\/wp\/v2\/pages"}],"about":[{"href":"https:\/\/www.redies.com\/web\/wp-json\/wp\/v2\/types\/page"}],"author":[{"embeddable":true,"href":"https:\/\/www.redies.com\/web\/wp-json\/wp\/v2\/users\/1"}],"replies":[{"embeddable":true,"href":"https:\/\/www.redies.com\/web\/wp-json\/wp\/v2\/comments?post=78"}],"version-history":[{"count":3,"href":"https:\/\/www.redies.com\/web\/wp-json\/wp\/v2\/pages\/78\/revisions"}],"predecessor-version":[{"id":1004,"href":"https:\/\/www.redies.com\/web\/wp-json\/wp\/v2\/pages\/78\/revisions\/1004"}],"wp:attachment":[{"href":"https:\/\/www.redies.com\/web\/wp-json\/wp\/v2\/media?parent=78"}],"curies":[{"name":"wp","href":"https:\/\/api.w.org\/{rel}","templated":true}]}}