{"id":76,"date":"2017-11-06T12:16:12","date_gmt":"2017-11-06T11:16:12","guid":{"rendered":"http:\/\/www.redies.com\/web\/?page_id=76"},"modified":"2019-01-29T13:36:25","modified_gmt":"2019-01-29T12:36:25","slug":"ueber-uns-geschichte","status":"publish","type":"page","link":"https:\/\/www.redies.com\/web\/ueber-uns-geschichte\/","title":{"rendered":"\u00dcber uns &#8211; Geschichte"},"content":{"rendered":"<p><span id=\"cs-slider-shortcode\"><div style=\"display: none;\" class=\"crellyslider-slider crellyslider-slider-full-width crellyslider-slider-de_about_us crellyslider-6\" id=\"crellyslider-6\">\n<ul>\n<li\nstyle=\"\nbackground-color: transparent;\nbackground-image: none;\nbackground-position: center center;\nbackground-repeat: no-repeat;\nbackground-size: cover;\n\n\"\ndata-in=\"fade\"\ndata-ease-in=\"0\"\ndata-out=\"fade\"\ndata-ease-out=\"0\"\ndata-time=\"7000\"\n>\n<img\nclass=\"\"\nsrc=\"https:\/\/www.redies.com\/web\/wp-content\/uploads\/2017\/12\/about_us_europe.png\"\nalt=\"\"\nstyle=\"\nz-index: 0;\n\n\"\ndata-delay=\"0\"\ndata-ease-in=\"1000\"\ndata-ease-out=\"1000\"\ndata-in=\"fadeDown\"\ndata-out=\"fade\"\ndata-ignore-ease-out=\"0\"\ndata-top=\"0\"\ndata-left=\"0\"\ndata-time=\"all\"\n\/>\n<\/li>\n<li\nstyle=\"\nbackground-color: transparent;\nbackground-image: none;\nbackground-position: center center;\nbackground-repeat: no-repeat;\nbackground-size: cover;\n\n\"\ndata-in=\"fade\"\ndata-ease-in=\"0\"\ndata-out=\"fade\"\ndata-ease-out=\"0\"\ndata-time=\"7000\"\n>\n<div\nclass=\"aboutus_slider_text\"\nstyle=\"z-index: 1;\n\n\"\ndata-delay=\"1500\"\ndata-ease-in=\"1000\"\ndata-ease-out=\"300\"\ndata-in=\"fadeDown\"\ndata-out=\"slideLeft\"\ndata-ignore-ease-out=\"0\"\ndata-top=\"40\"\ndata-left=\"40\"\ndata-time=\"all\"\n><span style=\"font-size: 16px;\"><strong><span style=\"font-family: arial, helvetica, sans-serif;\">Zentrieren des &lt;111&gt; geschliffenen Naturdiamanten<\/span><\/strong><\/span><\/div>\n<img\nclass=\"\"\nsrc=\"https:\/\/www.redies.com\/web\/wp-content\/uploads\/2017\/12\/about_us_zentrieren.png\"\nalt=\"\"\nstyle=\"\nz-index: 0;\n\n\"\ndata-delay=\"0\"\ndata-ease-in=\"1000\"\ndata-ease-out=\"1000\"\ndata-in=\"fadeDown\"\ndata-out=\"fade\"\ndata-ignore-ease-out=\"0\"\ndata-top=\"0\"\ndata-left=\"0\"\ndata-time=\"all\"\n\/>\n<\/li>\n<li\nstyle=\"\nbackground-color: transparent;\nbackground-image: none;\nbackground-position: center center;\nbackground-repeat: no-repeat;\nbackground-size: cover;\n\n\"\ndata-in=\"fade\"\ndata-ease-in=\"0\"\ndata-out=\"fade\"\ndata-ease-out=\"0\"\ndata-time=\"7000\"\n>\n<div\nclass=\"\"\nstyle=\"z-index: 1;\n\n\"\ndata-delay=\"1500\"\ndata-ease-in=\"1000\"\ndata-ease-out=\"300\"\ndata-in=\"fadeDown\"\ndata-out=\"slideLeft\"\ndata-ignore-ease-out=\"0\"\ndata-top=\"20\"\ndata-left=\"40\"\ndata-time=\"all\"\n><span style=\"font-size: 16px; color: #ffffff;\"><strong><span style=\"font-family: arial, helvetica, sans-serif;\">Luftlager (Konzentrizit\u00e4t 0,1 Micron) unter dem Laser<\/span><\/strong><\/span><\/div>\n<img\nclass=\"\"\nsrc=\"https:\/\/www.redies.com\/web\/wp-content\/uploads\/2017\/12\/about_us_laser.png\"\nalt=\"\"\nstyle=\"\nz-index: 0;\n\n\"\ndata-delay=\"0\"\ndata-ease-in=\"1000\"\ndata-ease-out=\"1000\"\ndata-in=\"fadeDown\"\ndata-out=\"fade\"\ndata-ignore-ease-out=\"0\"\ndata-top=\"0\"\ndata-left=\"0\"\ndata-time=\"all\"\n\/>\n<\/li>\n<li\nstyle=\"\nbackground-color: transparent;\nbackground-image: none;\nbackground-position: center center;\nbackground-repeat: no-repeat;\nbackground-size: cover;\n\n\"\ndata-in=\"fade\"\ndata-ease-in=\"0\"\ndata-out=\"fade\"\ndata-ease-out=\"0\"\ndata-time=\"7000\"\n>\n<div\nclass=\"\"\nstyle=\"z-index: 1;\n\n\"\ndata-delay=\"1500\"\ndata-ease-in=\"1000\"\ndata-ease-out=\"300\"\ndata-in=\"fadeDown\"\ndata-out=\"slideLeft\"\ndata-ignore-ease-out=\"0\"\ndata-top=\"20\"\ndata-left=\"40\"\ndata-time=\"all\"\n><span style=\"font-size: 16px; color: #ffffff;\"><strong><span style=\"font-family: arial, helvetica, sans-serif;\">Naturdiamant und PKD werden konduktiv Druck-gesintert<\/span><\/strong><\/span><\/div>\n<img\nclass=\"\"\nsrc=\"https:\/\/www.redies.com\/web\/wp-content\/uploads\/2017\/12\/about_us_sinterpresse.png\"\nalt=\"\"\nstyle=\"\nz-index: 0;\n\n\"\ndata-delay=\"0\"\ndata-ease-in=\"1000\"\ndata-ease-out=\"1000\"\ndata-in=\"fadeDown\"\ndata-out=\"fade\"\ndata-ignore-ease-out=\"0\"\ndata-top=\"0\"\ndata-left=\"0\"\ndata-time=\"all\"\n\/>\n<\/li>\n<li\nstyle=\"\nbackground-color: transparent;\nbackground-image: none;\nbackground-position: center center;\nbackground-repeat: no-repeat;\nbackground-size: cover;\n\n\"\ndata-in=\"fade\"\ndata-ease-in=\"0\"\ndata-out=\"fade\"\ndata-ease-out=\"0\"\ndata-time=\"7000\"\n>\n<div\nclass=\"\"\nstyle=\"z-index: 1;\n\n\"\ndata-delay=\"1500\"\ndata-ease-in=\"1000\"\ndata-ease-out=\"300\"\ndata-in=\"fadeDown\"\ndata-out=\"slideLeft\"\ndata-ignore-ease-out=\"0\"\ndata-top=\"20\"\ndata-left=\"40\"\ndata-time=\"all\"\n><span style=\"font-size: 16px; color: #ffffff;\"><strong><span style=\"font-family: arial, helvetica, sans-serif;\">Optische und Durchmesser-Kontrolle<\/span><\/strong><\/span><\/div>\n<img\nclass=\"\"\nsrc=\"https:\/\/www.redies.com\/web\/wp-content\/uploads\/2017\/12\/about_us_kontrolle.png\"\nalt=\"\"\nstyle=\"\nz-index: 0;\n\n\"\ndata-delay=\"0\"\ndata-ease-in=\"1000\"\ndata-ease-out=\"1000\"\ndata-in=\"fadeDown\"\ndata-out=\"fade\"\ndata-ignore-ease-out=\"0\"\ndata-top=\"0\"\ndata-left=\"0\"\ndata-time=\"all\"\n\/>\n<\/li>\n<li\nstyle=\"\nbackground-color: transparent;\nbackground-image: none;\nbackground-position: center center;\nbackground-repeat: no-repeat;\nbackground-size: cover;\n\n\"\ndata-in=\"fade\"\ndata-ease-in=\"0\"\ndata-out=\"fade\"\ndata-ease-out=\"0\"\ndata-time=\"7000\"\n>\n<div\nclass=\"\"\nstyle=\"z-index: 1;\n\n\"\ndata-delay=\"1500\"\ndata-ease-in=\"1000\"\ndata-ease-out=\"300\"\ndata-in=\"fadeDown\"\ndata-out=\"slideLeft\"\ndata-ignore-ease-out=\"0\"\ndata-top=\"20\"\ndata-left=\"40\"\ndata-time=\"all\"\n><span style=\"font-size: 16px; color: #ffffff;\"><strong><span style=\"font-family: arial, helvetica, sans-serif;\">Ultraschall Polliermaschinen<\/span><\/strong><\/span><\/div>\n<img\nclass=\"\"\nsrc=\"https:\/\/www.redies.com\/web\/wp-content\/uploads\/2017\/12\/about_us_7.png\"\nalt=\"\"\nstyle=\"\nz-index: 0;\n\n\"\ndata-delay=\"0\"\ndata-ease-in=\"1000\"\ndata-ease-out=\"1000\"\ndata-in=\"fadeDown\"\ndata-out=\"fade\"\ndata-ignore-ease-out=\"0\"\ndata-top=\"0\"\ndata-left=\"0\"\ndata-time=\"all\"\n\/>\n<\/li>\n<li\nstyle=\"\nbackground-color: transparent;\nbackground-image: none;\nbackground-position: center center;\nbackground-repeat: no-repeat;\nbackground-size: cover;\n\n\"\ndata-in=\"fade\"\ndata-ease-in=\"0\"\ndata-out=\"fade\"\ndata-ease-out=\"0\"\ndata-time=\"7000\"\n>\n<div\nclass=\"aboutus_slider_text\"\nstyle=\"z-index: 1;\n\n\"\ndata-delay=\"1500\"\ndata-ease-in=\"1000\"\ndata-ease-out=\"300\"\ndata-in=\"fadeDown\"\ndata-out=\"slideLeft\"\ndata-ignore-ease-out=\"0\"\ndata-top=\"20\"\ndata-left=\"40\"\ndata-time=\"all\"\n><span style=\"font-size: 16px;\"><strong><span style=\"font-family: arial, helvetica, sans-serif;\">Produktionsgeb\u00e4ude Giussano (Mailand, Italien)<\/span><\/strong><\/span><\/div>\n<img\nclass=\"\"\nsrc=\"https:\/\/www.redies.com\/web\/wp-content\/uploads\/2017\/12\/about_us_building.png\"\nalt=\"\"\nstyle=\"\nz-index: 0;\n\n\"\ndata-delay=\"0\"\ndata-ease-in=\"1000\"\ndata-ease-out=\"1000\"\ndata-in=\"fadeDown\"\ndata-out=\"fade\"\ndata-ignore-ease-out=\"0\"\ndata-top=\"0\"\ndata-left=\"0\"\ndata-time=\"all\"\n\/>\n<\/li>\n<\/ul>\n<\/div>\n<script type=\"text\/javascript\">\n(function($) {\n$(document).ready(function() {\n$(\"#crellyslider-6\").crellySlider({\nlayout: 'full-width',\nresponsive: 1,\nstartWidth: 750,\nstartHeight: 320,\nautomaticSlide: 1,\nshowControls: 1,\nshowNavigation: 1,\nenableSwipe: 1,\nshowProgressBar: 0,\npauseOnHover: 0,\nrandomOrder: 0,\nstartFromSlide: 0,\nbeforeStart : function() {},\nbeforeSetResponsive : function() {},\nbeforeSlideStart : function() {},\nbeforePause\t: function() {},\nbeforeResume : function() {},\n});\n});\n})(jQuery);\n<\/script>\n<\/span><\/p>\r\n<p><strong>REDIES<\/strong> wurde im Jahre 1980 durch <strong>Giuseppe Redaelli<\/strong> gegr\u00fcndet. Er hatte zu diesem Zeitpunkt von seinen Eltern eine Firma geerbt, die bereits mehrere Jahre mit Ziehwerkzeugen auf dem lokalen oberitalienischen Markt t\u00e4tig war.<\/p>\r\n<p>Dank einer dynamischen Entwicklung, begleitet von st\u00e4ndigen Produktverbesserungen, konnte sich die <strong>REDIES<\/strong> auf dem italienischen und auf internationalen M\u00e4rkten st\u00e4ndig besser positionieren.<\/p>\r\n<p>Besonders erw\u00e4hnenswert ist die Stellung, die <strong>REDIES<\/strong> auf den M\u00e4rkten steel-cord (Reifendr\u00e4hte), rostfreier Stahldraht und CO2-Schwei\u00dfdraht erlangt hat.<\/p>\r\n<p>In 2005 wurde die Managementstruktur verbreitert und damit auch das firmeninterne Know-How erweitert. Der Betrieb in Deutschland (Aachen) wurde gegr\u00fcndet. In 2007 kam eine Werkstatt in Tschechien (Vamberk) hinzu, um den dortigen Markt zu bedienen.<\/p>\r\n<p>Ab 2013 sind 100 % der italienischen <strong>REDIES S.R.L.<\/strong> in Besitz der <strong>Kiwus GmbH, Kleve<\/strong>.<\/p>","protected":false},"excerpt":{"rendered":"REDIES wurde im Jahre 1980 durch Giuseppe Redaelli gegr\u00fcndet. Er hatte zu diesem Zeitpunkt von seinen Eltern eine Firma geerbt, die bereits mehrere Jahre mit Ziehwerkzeugen auf dem lokalen oberitalienischen Markt t\u00e4tig war. Dank einer dynamischen Entwicklung, begleitet von st\u00e4ndigen Produktverbesserungen, konnte sich die REDIES auf dem italienischen und auf internationalen M\u00e4rkten st\u00e4ndig besser positionieren. [&hellip;]","protected":false},"author":1,"featured_media":0,"parent":0,"menu_order":0,"comment_status":"closed","ping_status":"closed","template":"","meta":{"footnotes":""},"class_list":["post-76","page","type-page","status-publish","hentry"],"_links":{"self":[{"href":"https:\/\/www.redies.com\/web\/wp-json\/wp\/v2\/pages\/76","targetHints":{"allow":["GET"]}}],"collection":[{"href":"https:\/\/www.redies.com\/web\/wp-json\/wp\/v2\/pages"}],"about":[{"href":"https:\/\/www.redies.com\/web\/wp-json\/wp\/v2\/types\/page"}],"author":[{"embeddable":true,"href":"https:\/\/www.redies.com\/web\/wp-json\/wp\/v2\/users\/1"}],"replies":[{"embeddable":true,"href":"https:\/\/www.redies.com\/web\/wp-json\/wp\/v2\/comments?post=76"}],"version-history":[{"count":6,"href":"https:\/\/www.redies.com\/web\/wp-json\/wp\/v2\/pages\/76\/revisions"}],"predecessor-version":[{"id":1003,"href":"https:\/\/www.redies.com\/web\/wp-json\/wp\/v2\/pages\/76\/revisions\/1003"}],"wp:attachment":[{"href":"https:\/\/www.redies.com\/web\/wp-json\/wp\/v2\/media?parent=76"}],"curies":[{"name":"wp","href":"https:\/\/api.w.org\/{rel}","templated":true}]}}