{"id":74,"date":"2017-11-06T12:12:44","date_gmt":"2017-11-06T11:12:44","guid":{"rendered":"http:\/\/www.redies.com\/web\/?page_id=74"},"modified":"2019-11-28T22:50:53","modified_gmt":"2019-11-28T21:50:53","slug":"die-rohware","status":"publish","type":"page","link":"https:\/\/www.redies.com\/web\/die-rohware\/","title":{"rendered":"Produkte-Ziehsteine aus ND \u2013 Die Rohware"},"content":{"rendered":"<p>Die Rohware<\/p>\r\n<div style=\"display: none;\" class=\"crellyslider-slider crellyslider-slider-full-width crellyslider-slider-de_ziehsteine_aus_nd_die_rohware crellyslider-4\" id=\"crellyslider-4\">\n<ul>\n<li\nstyle=\"\nbackground-color: transparent;\nbackground-image: none;\nbackground-position: center center;\nbackground-repeat: no-repeat;\nbackground-size: cover;\n\n\"\ndata-in=\"fade\"\ndata-ease-in=\"0\"\ndata-out=\"fade\"\ndata-ease-out=\"0\"\ndata-time=\"7000\"\n>\n<div\nclass=\"\"\nstyle=\"z-index: 1;\n\n\"\ndata-delay=\"1500\"\ndata-ease-in=\"1000\"\ndata-ease-out=\"300\"\ndata-in=\"fadeDown\"\ndata-out=\"slideLeft\"\ndata-ignore-ease-out=\"0\"\ndata-top=\"48\"\ndata-left=\"40\"\ndata-time=\"all\"\n><span><strong><span style=\"font-family: arial, helvetica, sans-serif;\">Die Auswahl der Naturdiamanten<br \/>- darauf richten wir die gr\u00f6\u00dfte Sorgfalt bei REDIES<\/span><\/strong><\/span><\/div>\n<img\nclass=\"\"\nsrc=\"https:\/\/www.redies.com\/web\/wp-content\/uploads\/2017\/12\/b2a.png\"\nalt=\"\"\nstyle=\"\nz-index: 0;\n\n\"\ndata-delay=\"0\"\ndata-ease-in=\"1000\"\ndata-ease-out=\"1000\"\ndata-in=\"fadeDown\"\ndata-out=\"fade\"\ndata-ignore-ease-out=\"0\"\ndata-top=\"0\"\ndata-left=\"0\"\ndata-time=\"all\"\n\/>\n<\/li>\n<li\nstyle=\"\nbackground-color: transparent;\nbackground-image: none;\nbackground-position: center center;\nbackground-repeat: no-repeat;\nbackground-size: cover;\n\n\"\ndata-in=\"fade\"\ndata-ease-in=\"0\"\ndata-out=\"fade\"\ndata-ease-out=\"0\"\ndata-time=\"7000\"\n>\n<div\nclass=\"\"\nstyle=\"z-index: 10;\n\n\"\ndata-delay=\"1500\"\ndata-ease-in=\"1000\"\ndata-ease-out=\"300\"\ndata-in=\"fadeDown\"\ndata-out=\"slideLeft\"\ndata-ignore-ease-out=\"0\"\ndata-top=\"197\"\ndata-left=\"40\"\ndata-time=\"all\"\n><span style=\"font-size: 16px; color: #ffffff;\"><strong><span style=\"font-family: arial, helvetica, sans-serif;\"><span style=\"color: #000000;\">Bevorzugt werden Oktaeder mit <br \/>nat\u00fcrlichen Dreiecksfl\u00e4chen.<\/span><br \/><\/span><\/strong><\/span><\/div>\n<img\nclass=\"\"\nsrc=\"https:\/\/www.redies.com\/web\/wp-content\/uploads\/2017\/12\/b3.png\"\nalt=\"\"\nstyle=\"\nz-index: 0;\n\n\"\ndata-delay=\"0\"\ndata-ease-in=\"1000\"\ndata-ease-out=\"1000\"\ndata-in=\"fadeDown\"\ndata-out=\"fade\"\ndata-ignore-ease-out=\"0\"\ndata-top=\"0\"\ndata-left=\"0\"\ndata-time=\"all\"\n\/>\n<img\nclass=\"\"\nsrc=\"https:\/\/www.redies.com\/web\/wp-content\/uploads\/2017\/12\/3d_symbol_animated.png\"\nalt=\"\"\nstyle=\"\nz-index: 5;\n\n\"\ndata-delay=\"2500\"\ndata-ease-in=\"1000\"\ndata-ease-out=\"1000\"\ndata-in=\"fade\"\ndata-out=\"fade\"\ndata-ignore-ease-out=\"0\"\ndata-top=\"0\"\ndata-left=\"0\"\ndata-time=\"all\"\n\/>\n<\/li>\n<li\nstyle=\"\nbackground-color: transparent;\nbackground-image: none;\nbackground-position: center center;\nbackground-repeat: no-repeat;\nbackground-size: cover;\n\n\"\ndata-in=\"fade\"\ndata-ease-in=\"0\"\ndata-out=\"fade\"\ndata-ease-out=\"0\"\ndata-time=\"7000\"\n>\n<div\nclass=\"\"\nstyle=\"z-index: 1;\n\n\"\ndata-delay=\"1500\"\ndata-ease-in=\"1000\"\ndata-ease-out=\"300\"\ndata-in=\"fadeDown\"\ndata-out=\"slideLeft\"\ndata-ignore-ease-out=\"0\"\ndata-top=\"230\"\ndata-left=\"40\"\ndata-time=\"all\"\n><strong>Die Oktaederfl\u00e4chen werden von erfahrenen Diamantschleifern geschliffen<\/strong><\/div>\n<img\nclass=\"\"\nsrc=\"https:\/\/www.redies.com\/web\/wp-content\/uploads\/2017\/12\/b4a.png\"\nalt=\"\"\nstyle=\"\nz-index: 0;\n\n\"\ndata-delay=\"0\"\ndata-ease-in=\"1000\"\ndata-ease-out=\"1000\"\ndata-in=\"fadeDown\"\ndata-out=\"fade\"\ndata-ignore-ease-out=\"0\"\ndata-top=\"0\"\ndata-left=\"0\"\ndata-time=\"all\"\n\/>\n<\/li>\n<li\nstyle=\"\nbackground-color: transparent;\nbackground-image: none;\nbackground-position: center center;\nbackground-repeat: no-repeat;\nbackground-size: cover;\n\n\"\ndata-in=\"fade\"\ndata-ease-in=\"0\"\ndata-out=\"fade\"\ndata-ease-out=\"0\"\ndata-time=\"34000\"\n>\n<div\nclass=\"\"\nstyle=\"z-index: 10;\n\n\"\ndata-delay=\"1500\"\ndata-ease-in=\"1000\"\ndata-ease-out=\"1000\"\ndata-in=\"fadeDown\"\ndata-out=\"slideDown\"\ndata-ignore-ease-out=\"0\"\ndata-top=\"40\"\ndata-left=\"40\"\ndata-time=\"12000\"\n><span style=\"font-size: 16px; color: #000000;\"><strong><span style=\"font-family: arial, helvetica, sans-serif;\">Mindest-Durchmesser der angeschliffenen Fl\u00e4che<br \/>und Diamanth\u00f6he stehen in fester Relation.<\/span><\/strong><\/span><\/div>\n<img\nclass=\"\"\nsrc=\"https:\/\/www.redies.com\/web\/wp-content\/uploads\/2017\/12\/b5.png\"\nalt=\"\"\nstyle=\"\nz-index: 0;\n\n\"\ndata-delay=\"0\"\ndata-ease-in=\"1000\"\ndata-ease-out=\"1000\"\ndata-in=\"fadeDown\"\ndata-out=\"fade\"\ndata-ignore-ease-out=\"0\"\ndata-top=\"0\"\ndata-left=\"0\"\ndata-time=\"all\"\n\/>\n<div\nclass=\"\"\nstyle=\"z-index: 5;\n\n\"\ndata-delay=\"13000\"\ndata-ease-in=\"1000\"\ndata-ease-out=\"1000\"\ndata-in=\"fadeDown\"\ndata-out=\"slideLeft\"\ndata-ignore-ease-out=\"0\"\ndata-top=\"40\"\ndata-left=\"40\"\ndata-time=\"all\"\n><span style=\"font-size: 16px; color: #000000;\"><strong><span style=\"font-family: arial, helvetica, sans-serif;\">Die Qualit\u00e4t unserer Rohware - get\u00f6ntes Wei\u00df, ohne Einschl\u00fcsse - <br \/>ist der Schl\u00fcssel f\u00fcr die Exzellenz der Ziehsteine von REDIES aus Naturdiamant.<br \/><br \/>REDIES ND \u2013 &lt;111&gt; werden auf der Vorderseite der Fassung<br \/>mit einem Dreieck gekennzeichnet.<br \/><br \/>REDIES ND \u2013 &lt;111&gt; garantieren beste Rundheit und h\u00f6chste Standzeiten. <br \/><br \/>F\u00fcr weitere Erkl\u00e4rungen: siehe <a href=\"http:\/\/www.redies.com\/web\/wp-content\/uploads\/2017\/12\/111_script_UKD_ger.pdf\" title=\"Downloads\" target=\"_blank\">Downloads ->\"Ziehstein aus Naturdiamant ... &lt;111&gt;\"<\/a>.<\/span><\/strong><\/span><\/div>\n<\/li>\n<\/ul>\n<\/div>\n<script type=\"text\/javascript\">\n(function($) {\n$(document).ready(function() {\n$(\"#crellyslider-4\").crellySlider({\nlayout: 'full-width',\nresponsive: 1,\nstartWidth: 750,\nstartHeight: 300,\nautomaticSlide: 1,\nshowControls: 1,\nshowNavigation: 1,\nenableSwipe: 1,\nshowProgressBar: 0,\npauseOnHover: 0,\nrandomOrder: 0,\nstartFromSlide: 0,\nbeforeStart : function() {},\nbeforeSetResponsive : function() {},\nbeforeSlideStart : function() {},\nbeforePause\t: function() {},\nbeforeResume : function() {},\n});\n});\n})(jQuery);\n<\/script>\n","protected":false},"excerpt":{"rendered":"Die Rohware","protected":false},"author":1,"featured_media":0,"parent":0,"menu_order":0,"comment_status":"closed","ping_status":"closed","template":"","meta":{"footnotes":""},"class_list":["post-74","page","type-page","status-publish","hentry"],"_links":{"self":[{"href":"https:\/\/www.redies.com\/web\/wp-json\/wp\/v2\/pages\/74","targetHints":{"allow":["GET"]}}],"collection":[{"href":"https:\/\/www.redies.com\/web\/wp-json\/wp\/v2\/pages"}],"about":[{"href":"https:\/\/www.redies.com\/web\/wp-json\/wp\/v2\/types\/page"}],"author":[{"embeddable":true,"href":"https:\/\/www.redies.com\/web\/wp-json\/wp\/v2\/users\/1"}],"replies":[{"embeddable":true,"href":"https:\/\/www.redies.com\/web\/wp-json\/wp\/v2\/comments?post=74"}],"version-history":[{"count":4,"href":"https:\/\/www.redies.com\/web\/wp-json\/wp\/v2\/pages\/74\/revisions"}],"predecessor-version":[{"id":1292,"href":"https:\/\/www.redies.com\/web\/wp-json\/wp\/v2\/pages\/74\/revisions\/1292"}],"wp:attachment":[{"href":"https:\/\/www.redies.com\/web\/wp-json\/wp\/v2\/media?parent=74"}],"curies":[{"name":"wp","href":"https:\/\/api.w.org\/{rel}","templated":true}]}}