{"id":7,"date":"2017-10-13T10:58:09","date_gmt":"2017-10-13T08:58:09","guid":{"rendered":"http:\/\/www.redies.com\/web\/?page_id=7"},"modified":"2019-11-06T21:40:38","modified_gmt":"2019-11-06T20:40:38","slug":"startseite","status":"publish","type":"page","link":"https:\/\/www.redies.com\/web\/","title":{"rendered":"De_Home"},"content":{"rendered":"<p><strong>REDIES <\/strong>stellt Ziehwerkzeuge aus Diamantwerkstoffen und Hartmetall her.<\/p>\r\n<p>Kunden sind Draht- und Rohrziehereien f\u00fcr NE- und FE-Materialien, sowie Sonderwerkstoffe.<\/p>\r\n<p>Laser- und Ultraschalltechnik bestimmen unsere Verfahren. Me\u00dftechnisch sind wir im my-Bereich zuhause. Kundenspezifische L\u00f6sungen und Sonderwerkzeuge sind unsere St\u00e4rke.<\/p>\r\n<div class=\"redies_about_us_map\"><img loading=\"lazy\" decoding=\"async\" class=\"alignnone size-full wp-image-276\" src=\"https:\/\/www.redies.com\/web\/wp-content\/uploads\/2017\/11\/redies_europe6_about_us.png\" alt=\"\" width=\"750\" height=\"400\" srcset=\"https:\/\/www.redies.com\/web\/wp-content\/uploads\/2017\/11\/redies_europe6_about_us.png 750w, https:\/\/www.redies.com\/web\/wp-content\/uploads\/2017\/11\/redies_europe6_about_us-300x160.png 300w\" sizes=\"auto, (max-width: 750px) 100vw, 750px\" \/>\r\n<div class=\"redies_about_us_slogan\">3 Produktionsst\u00e4tten: <br \/>\r\nDeutschland &#8211; Italien &#8211; Tschechische Republik<\/div>\r\n<div class=\"redies_about_us_logo redies_about_us_logo_it\"><img decoding=\"async\" src=\"..\/images\/redies_logo_about_us.svg\" alt=\"Redies IT\" \/><\/div>\r\n<div class=\"redies_about_us_text redies_about_us_text_it\">Italien &#8211; Giussano(MB) Tel.: +39 0362 852160<\/div>\r\n<div class=\"redies_about_us_logo redies_about_us_logo_cz\"><img decoding=\"async\" src=\"..\/images\/redies_logo_about_us.svg\" alt=\"Redies CZ\" \/><\/div>\r\n<div class=\"redies_about_us_text redies_about_us_text_cz\">Tschechische Republik &#8211; Vamberk Tel.: +42 0494 661051<\/div>\r\n<div class=\"redies_about_us_logo redies_about_us_logo_de\"><img decoding=\"async\" src=\"..\/images\/redies_logo_about_us.svg\" alt=\"Redies DE\" \/><\/div>\r\n<div class=\"redies_about_us_text redies_about_us_text_de\">Deutschland &#8211; Aachen Tel.: +49 241 50422<\/div>\r\n<\/div>\r\n<div class=\"redies_about_us_map_responsive\"><img decoding=\"async\" class=\"alignnone wp-image-316 size-full\" src=\"https:\/\/www.redies.com\/web\/wp-content\/uploads\/2017\/12\/redies_europe9a_about_us_responsive.png\" alt=\"\" \/><\/div>","protected":false},"excerpt":{"rendered":"REDIES stellt Ziehwerkzeuge aus Diamantwerkstoffen und Hartmetall her. Kunden sind Draht- und Rohrziehereien f\u00fcr NE- und FE-Materialien, sowie Sonderwerkstoffe. Laser- und Ultraschalltechnik bestimmen unsere Verfahren. Me\u00dftechnisch sind wir im my-Bereich zuhause. Kundenspezifische L\u00f6sungen und Sonderwerkzeuge sind unsere St\u00e4rke. 3 Produktionsst\u00e4tten: Deutschland &#8211; Italien &#8211; Tschechische Republik Italien &#8211; Giussano(MB) Tel.: +39 0362 852160 Tschechische Republik [&hellip;]","protected":false},"author":1,"featured_media":0,"parent":0,"menu_order":0,"comment_status":"closed","ping_status":"closed","template":"","meta":{"footnotes":""},"class_list":["post-7","page","type-page","status-publish","hentry"],"_links":{"self":[{"href":"https:\/\/www.redies.com\/web\/wp-json\/wp\/v2\/pages\/7","targetHints":{"allow":["GET"]}}],"collection":[{"href":"https:\/\/www.redies.com\/web\/wp-json\/wp\/v2\/pages"}],"about":[{"href":"https:\/\/www.redies.com\/web\/wp-json\/wp\/v2\/types\/page"}],"author":[{"embeddable":true,"href":"https:\/\/www.redies.com\/web\/wp-json\/wp\/v2\/users\/1"}],"replies":[{"embeddable":true,"href":"https:\/\/www.redies.com\/web\/wp-json\/wp\/v2\/comments?post=7"}],"version-history":[{"count":27,"href":"https:\/\/www.redies.com\/web\/wp-json\/wp\/v2\/pages\/7\/revisions"}],"predecessor-version":[{"id":1224,"href":"https:\/\/www.redies.com\/web\/wp-json\/wp\/v2\/pages\/7\/revisions\/1224"}],"wp:attachment":[{"href":"https:\/\/www.redies.com\/web\/wp-json\/wp\/v2\/media?parent=7"}],"curies":[{"name":"wp","href":"https:\/\/api.w.org\/{rel}","templated":true}]}}