{"id":570,"date":"2018-07-03T16:33:01","date_gmt":"2018-07-03T14:33:01","guid":{"rendered":"http:\/\/www.redies.com\/web\/?page_id=570"},"modified":"2024-05-18T11:08:31","modified_gmt":"2024-05-18T09:08:31","slug":"produkte-downloads","status":"publish","type":"page","link":"https:\/\/www.redies.com\/web\/produkte-downloads\/","title":{"rendered":"Produkte &#8211; Downloads"},"content":{"rendered":"<p>Downloads<\/p>\r\n<table class=\"table_downloads\" style=\"width: 740px;\">\r\n<tbody>\r\n<tr>\r\n<td style=\"width: 260px;\"><a href=\"https:\/\/www.redies.com\/web\/wp-content\/uploads\/2024\/05\/Certificate_9190-REDIES_EN-scad-20052027.pdf\"><img loading=\"lazy\" decoding=\"async\" class=\"alignnone wp-image-1891 size-full\" title=\"Certificate 9190 EN\" src=\"https:\/\/www.redies.com\/web\/wp-content\/uploads\/2024\/05\/Certificate_9190_REDIES_EN_scad_20052027.jpg\" alt=\"Certificate_9190 EN\" width=\"132\" height=\"187\" \/><\/a><\/td>\r\n<td style=\"width: 260px;\"><a href=\"https:\/\/www.redies.com\/web\/wp-content\/uploads\/2024\/01\/230523-MTD-15-001-Artikel-DE.pdf\" target=\"_blank\" rel=\"noopener\"><img loading=\"lazy\" decoding=\"async\" title=\"MTD-15-001-Artikel-DE\" src=\"https:\/\/www.redies.com\/web\/wp-content\/uploads\/2024\/01\/PKD_MANT_MTD.png\" alt=\"\" width=\"130\" height=\"198\" \/><\/a>\u00a0<\/td>\r\n<td style=\"width: 260px;\"><a href=\"https:\/\/www.redies.com\/web\/wp-content\/uploads\/2023\/09\/230914-REDIES-management-DE-Foto.pdf\" target=\"_blank\" rel=\"noopener\"><img loading=\"lazy\" decoding=\"async\" class=\"alignnone wp-image-1792 size-full\" title=\"Wire2020\" src=\"https:\/\/www.redies.com\/web\/wp-content\/uploads\/2023\/09\/Ferdinad-Kiessling-und-Ulrich_download.jpg\" alt=\"\" width=\"130\" height=\"198\" \/><\/a><\/td>\r\n<\/tr>\r\n<tr>\r\n<td style=\"width: 260px;\"><strong>Qualit\u00e4tsmanagement-<\/strong><br \/>\r\n<strong> System 9001:2015<\/strong><br \/>\r\n05.2024<\/td>\r\n<td style=\"width: 259px;\"><strong>PKD MANT-15-001<\/strong><br \/>\r\n01.2024<\/td>\r\n<td style=\"width: 260px;\"><strong>\u00dcbergabe der Gesch\u00e4ftsf\u00fchrung <br \/>\r\nbei REDIES Deutschland GmbH<\/strong><br \/>\r\n10.2023<\/td>\r\n<\/tr>\r\n<tr>\r\n<td style=\"width: 260px;\"><a href=\"https:\/\/www.redies.com\/web\/wp-content\/uploads\/2020\/09\/Prospektblatt_Wire_2020_DE_Druckversion.pdf\" target=\"_blank\" rel=\"noopener noreferrer\"><img loading=\"lazy\" decoding=\"async\" class=\"alignnone wp-image-1493 size-full\" title=\"Wire2020\" src=\"https:\/\/www.redies.com\/web\/wp-content\/uploads\/2020\/04\/wire2020.jpg\" alt=\"Wire2020\" width=\"130\" height=\"184\" \/><\/a><\/td>\r\n<td style=\"width: 259px;\"><a href=\"https:\/\/www.redies.com\/web\/wp-content\/uploads\/2020\/09\/Prospektblatt_Wire_2020_EN_printversion.pdf\" target=\"_blank\" rel=\"noopener noreferrer\"><img loading=\"lazy\" decoding=\"async\" class=\"alignnone wp-image-1503 size-full\" title=\"Wire2020\" src=\"https:\/\/www.redies.com\/web\/wp-content\/uploads\/2020\/04\/wire2020_en-1.jpg\" alt=\"Wire2020\" width=\"130\" height=\"184\" \/><\/a><\/td>\r\n<td style=\"width: 221px;\"><a href=\"https:\/\/www.redies.com\/web\/wp-content\/uploads\/2020\/09\/Prospektblatt_Wire_2020_IT_stampabile.pdf\" target=\"_blank\" rel=\"noopener noreferrer\"><img loading=\"lazy\" decoding=\"async\" class=\"alignnone wp-image-1500 size-full\" title=\"Wire2020\" src=\"https:\/\/www.redies.com\/web\/wp-content\/uploads\/2020\/04\/wire2020_it-1.jpg\" alt=\"Wire2020\" width=\"130\" height=\"184\" \/><\/a><\/td>\r\n<\/tr>\r\n<tr>\r\n<td style=\"width: 260px;\"><strong>WIRE 2020 &#8211; deutsch<\/strong><br \/>\r\n04.2020<\/td>\r\n<td style=\"width: 259px;\"><strong>WIRE 2020 &#8211; english<\/strong><br \/>\r\n04.2020<\/td>\r\n<td style=\"width: 221px;\"><strong>WIRE 2020 &#8211; italiano<\/strong><br \/>\r\n04.2020<\/td>\r\n<\/tr>\r\n<tr>\r\n<td style=\"width: 260px;\"><a href=\"https:\/\/www.redies.com\/web\/wp-content\/uploads\/2019\/11\/Artikel_DRAHT_10_2019.pdf\" target=\"_blank\" rel=\"noopener noreferrer\"><img loading=\"lazy\" decoding=\"async\" class=\"border1pxgrey alignnone wp-image-1187 size-full\" title=\"Artikel_DRAHT_10_2019\" src=\"https:\/\/www.redies.com\/web\/wp-content\/uploads\/2019\/11\/Artikel_DRAHT_10_2019small.png\" alt=\"Artikel_DRAHT_10_2019\" width=\"130\" height=\"185\" \/><\/a><\/td>\r\n<td style=\"width: 259px;\"><strong>\u00a0<\/strong><\/td>\r\n<td style=\"width: 221px;\"><strong>\u00a0<\/strong><\/td>\r\n<\/tr>\r\n<tr>\r\n<td style=\"width: 260px;\"><strong>Erschienen im DRAHT <\/strong><br \/>\r\n<strong>Oktober 2019<\/strong><\/td>\r\n<td style=\"width: 259px;\"><strong>\u00a0<\/strong><\/td>\r\n<td style=\"width: 221px;\"><strong>\u00a0<\/strong><\/td>\r\n<\/tr>\r\n<tr>\r\n<td style=\"width: 260px;\"><a href=\"https:\/\/www.redies.com\/web\/wp-content\/uploads\/2018\/07\/Prospektblatt_DINA4_2018_DE_web.pdf\" target=\"_blank\" rel=\"noopener noreferrer\"><img loading=\"lazy\" decoding=\"async\" class=\"alignnone wp-image-380 size-full\" src=\"https:\/\/www.redies.com\/web\/wp-content\/uploads\/2018\/05\/Prospektblatt_DINA4_2018_DE_web_small.gif\" alt=\"\" width=\"130\" height=\"184\" \/><\/a><\/td>\r\n<td style=\"width: 259px;\"><a href=\"https:\/\/www.redies.com\/web\/wp-content\/uploads\/2018\/05\/Prospektblatt_DINA4_2018_EN_web.pdf\" target=\"_blank\" rel=\"noopener noreferrer\"><img loading=\"lazy\" decoding=\"async\" class=\"alignnone wp-image-381 size-full\" src=\"https:\/\/www.redies.com\/web\/wp-content\/uploads\/2018\/05\/Prospektblatt_DINA4_2018_EN_web_small.gif\" alt=\"\" width=\"130\" height=\"184\" \/><\/a><\/td>\r\n<td style=\"width: 221px;\"><a href=\"https:\/\/www.redies.com\/web\/wp-content\/uploads\/2018\/05\/Prospektblatt_DINA4_2018_IT_web.pdf\" target=\"_blank\" rel=\"noopener noreferrer\"><img loading=\"lazy\" decoding=\"async\" class=\"alignnone wp-image-382 size-full\" src=\"https:\/\/www.redies.com\/web\/wp-content\/uploads\/2018\/05\/Prospektblatt_DINA4_2018_IT_web_small.gif\" alt=\"\" width=\"130\" height=\"184\" \/><\/a><\/td>\r\n<\/tr>\r\n<tr>\r\n<td style=\"width: 260px;\"><strong>WIRE 2018 &#8211; deutsch<\/strong><br \/>\r\n04.2020<\/td>\r\n<td style=\"width: 259px;\"><strong>WIRE 2018 &#8211; english<\/strong><br \/>\r\n04.2020<\/td>\r\n<td style=\"width: 221px;\"><strong>WIRE 2018 &#8211; italiano<\/strong><br \/>\r\n04.2020<\/td>\r\n<\/tr>\r\n<tr>\r\n<td style=\"width: 260px;\"><a href=\"https:\/\/www.redies.com\/web\/wp-content\/uploads\/2017\/12\/Drawing-dies-with-polycrystalline-diamonds-04.2016.pdf\" target=\"_blank\" rel=\"noopener noreferrer\"><img loading=\"lazy\" decoding=\"async\" class=\"alignnone wp-image-327 size-full\" src=\"https:\/\/www.redies.com\/web\/wp-content\/uploads\/2017\/12\/messe_wire2016_small_en.jpg\" alt=\"\" width=\"134\" height=\"189\" \/><\/a><\/td>\r\n<td style=\"width: 259px;\"><a href=\"https:\/\/www.redies.com\/web\/wp-content\/uploads\/2017\/12\/Ziehsteine-mit-polykristallinem-Diamant-04.2016.pdf\" target=\"_blank\" rel=\"noopener noreferrer\"><img loading=\"lazy\" decoding=\"async\" class=\"alignnone wp-image-326 size-full\" src=\"https:\/\/www.redies.com\/web\/wp-content\/uploads\/2017\/12\/messe_wire2016_small_de.jpg\" alt=\"\" width=\"134\" height=\"189\" \/><\/a><\/td>\r\n<td style=\"width: 221px;\">\u00a0<\/td>\r\n<\/tr>\r\n<tr>\r\n<td style=\"width: 260px;\"><strong>Wire drawing dies <br \/>\r\nwith MANT type <br \/>\r\npolycrystalline diamonds<\/strong><br \/>\r\n04.2016<\/td>\r\n<td style=\"width: 259px;\"><strong>Ziehsteine mit <br \/>\r\npolykristalinem Diamant<\/strong><br \/>\r\n04.2016<\/td>\r\n<td style=\"width: 221px;\">\u00a0<\/td>\r\n<\/tr>\r\n<tr>\r\n<td style=\"width: 260px;\"><a href=\"https:\/\/www.redies.com\/web\/wp-content\/uploads\/2017\/12\/Prospektblatt_DINA4_2014_DE_online.pdf\" target=\"_blank\" rel=\"noopener noreferrer\"><img loading=\"lazy\" decoding=\"async\" class=\"alignnone wp-image-328 size-full\" src=\"https:\/\/www.redies.com\/web\/wp-content\/uploads\/2017\/12\/Prospektblatt_DINA4_2014_DE_online_small.gif\" alt=\"\" width=\"130\" height=\"183\" \/><\/a><\/td>\r\n<td style=\"width: 259px;\"><a href=\"https:\/\/www.redies.com\/web\/wp-content\/uploads\/2017\/12\/Prospektblatt_DINA4_2014_EN_online.pdf\" target=\"_blank\" rel=\"noopener noreferrer\"><img loading=\"lazy\" decoding=\"async\" class=\"alignnone wp-image-329 size-full\" src=\"https:\/\/www.redies.com\/web\/wp-content\/uploads\/2017\/12\/Prospektblatt_DINA4_2014_EN_online_small.gif\" alt=\"\" width=\"130\" height=\"184\" \/><\/a><\/td>\r\n<td style=\"width: 221px;\"><a href=\"https:\/\/www.redies.com\/web\/wp-content\/uploads\/2017\/12\/Prospektblatt_DINA4_2014_IT_online.pdf\" target=\"_blank\" rel=\"noopener noreferrer\"><img loading=\"lazy\" decoding=\"async\" class=\"alignnone wp-image-330 size-full\" src=\"https:\/\/www.redies.com\/web\/wp-content\/uploads\/2017\/12\/Prospektblatt_DINA4_2014_IT_online_small.gif\" alt=\"\" width=\"130\" height=\"184\" \/><\/a><\/td>\r\n<\/tr>\r\n<tr>\r\n<td style=\"width: 260px;\"><strong>WIRE 2014 &#8211; deutsch<\/strong><br \/>\r\n04.2014<\/td>\r\n<td style=\"width: 259px;\"><strong>WIRE 2014 &#8211; english<\/strong><br \/>\r\n04.2014<\/td>\r\n<td style=\"width: 221px;\"><strong>WIRE 2014 &#8211; italiano<\/strong><br \/>\r\n04.2014<\/td>\r\n<\/tr>\r\n<tr>\r\n<td style=\"width: 259px;\"><a href=\"https:\/\/www.redies.com\/web\/wp-content\/uploads\/2017\/12\/111_script_UKD_ger.pdf\" target=\"_blank\" rel=\"noopener noreferrer\"><img loading=\"lazy\" decoding=\"async\" class=\"alignnone wp-image-324 size-full\" src=\"https:\/\/www.redies.com\/web\/wp-content\/uploads\/2017\/12\/downloads2.gif\" alt=\"\" width=\"129\" height=\"188\" \/><\/a><\/td>\r\n<td style=\"width: 221px;\"><a href=\"https:\/\/www.redies.com\/web\/wp-content\/uploads\/2017\/12\/Symposium_Fa_BECHEM_03_11_09.pdf\" target=\"_blank\" rel=\"noopener noreferrer\"><img loading=\"lazy\" decoding=\"async\" class=\"alignnone wp-image-325 size-full\" src=\"https:\/\/www.redies.com\/web\/wp-content\/uploads\/2017\/12\/downloads3.gif\" alt=\"\" width=\"129\" height=\"186\" \/><\/a><\/td>\r\n<td style=\"width: 260px;\">\u00a0<\/td>\r\n<\/tr>\r\n<tr>\r\n<td style=\"width: 259px;\"><strong>Diamantziehsteine mit<\/strong><br \/>\r\n<strong> nat\u00fcrliche Orientierung <br \/>\r\n&lt;111&gt;<\/strong> 08.1995<\/td>\r\n<td style=\"width: 221px;\"><strong>Vortrag Ulrich Kiwus<\/strong><br \/>\r\n<strong> auf dem Symposium<\/strong><br \/>\r\n<strong> Fa. Bechem<\/strong> 03.11.09<\/td>\r\n<td style=\"width: 260px;\">\u00a0<\/td>\r\n<\/tr>\r\n<\/tbody>\r\n<\/table>","protected":false},"excerpt":{"rendered":"Downloads \u00a0 Qualit\u00e4tsmanagement- System 9001:2015 05.2024 PKD MANT-15-001 01.2024 \u00dcbergabe der Gesch\u00e4ftsf\u00fchrung bei REDIES Deutschland GmbH 10.2023 WIRE 2020 &#8211; deutsch 04.2020 WIRE 2020 &#8211; english 04.2020 WIRE 2020 &#8211; italiano 04.2020 \u00a0 \u00a0 Erschienen im DRAHT Oktober 2019 \u00a0 \u00a0 WIRE 2018 &#8211; deutsch 04.2020 WIRE 2018 &#8211; english 04.2020 WIRE 2018 &#8211; italiano [&hellip;]","protected":false},"author":1,"featured_media":0,"parent":0,"menu_order":0,"comment_status":"closed","ping_status":"closed","template":"","meta":{"footnotes":""},"class_list":["post-570","page","type-page","status-publish","hentry"],"_links":{"self":[{"href":"https:\/\/www.redies.com\/web\/wp-json\/wp\/v2\/pages\/570","targetHints":{"allow":["GET"]}}],"collection":[{"href":"https:\/\/www.redies.com\/web\/wp-json\/wp\/v2\/pages"}],"about":[{"href":"https:\/\/www.redies.com\/web\/wp-json\/wp\/v2\/types\/page"}],"author":[{"embeddable":true,"href":"https:\/\/www.redies.com\/web\/wp-json\/wp\/v2\/users\/1"}],"replies":[{"embeddable":true,"href":"https:\/\/www.redies.com\/web\/wp-json\/wp\/v2\/comments?post=570"}],"version-history":[{"count":27,"href":"https:\/\/www.redies.com\/web\/wp-json\/wp\/v2\/pages\/570\/revisions"}],"predecessor-version":[{"id":1893,"href":"https:\/\/www.redies.com\/web\/wp-json\/wp\/v2\/pages\/570\/revisions\/1893"}],"wp:attachment":[{"href":"https:\/\/www.redies.com\/web\/wp-json\/wp\/v2\/media?parent=570"}],"curies":[{"name":"wp","href":"https:\/\/api.w.org\/{rel}","templated":true}]}}