{"id":365,"date":"2017-12-03T14:09:44","date_gmt":"2017-12-03T13:09:44","guid":{"rendered":"http:\/\/www.redies.com\/web\/?page_id=365"},"modified":"2024-03-15T10:36:14","modified_gmt":"2024-03-15T09:36:14","slug":"impressum","status":"publish","type":"page","link":"https:\/\/www.redies.com\/web\/impressum\/","title":{"rendered":"Impressum"},"content":{"rendered":"<p class=\"blue\">Redies Deutschland GmbH<\/p>\r\n<p>Gesch\u00e4ftsf\u00fchrer: Ferdinand Kie\u00dfling<\/p>\r\n<p>Metzgerstr. 1<br \/>\r\nD-52070 Aachen<\/p>\r\n<p>Tel: +49-241-504222<br \/>\r\nFax:+49-241-5152305<br \/>\r\nE-mail: <a href=\"mailto:info.de@redies.com\"><strong>info.de@redies.com<\/strong><\/a><\/p>\r\n<p>UST-Id-Nr.: DE194134831<\/p>\r\n<p>Registergericht: Amtsgericht Aachen<br \/>\r\nRegisternummer: HRA 4264<\/p>\r\n<p>Verantwortlich f\u00fcr den Inhalt: Ferdinand Kie\u00dfling<\/p>","protected":false},"excerpt":{"rendered":"Redies Deutschland GmbH Gesch\u00e4ftsf\u00fchrer: Ferdinand Kie\u00dfling Metzgerstr. 1 D-52070 Aachen Tel: +49-241-504222 Fax:+49-241-5152305 E-mail: info.de@redies.com UST-Id-Nr.: DE194134831 Registergericht: Amtsgericht Aachen Registernummer: HRA 4264 Verantwortlich f\u00fcr den Inhalt: Ferdinand Kie\u00dfling","protected":false},"author":1,"featured_media":0,"parent":0,"menu_order":0,"comment_status":"closed","ping_status":"closed","template":"","meta":{"footnotes":""},"class_list":["post-365","page","type-page","status-publish","hentry"],"_links":{"self":[{"href":"https:\/\/www.redies.com\/web\/wp-json\/wp\/v2\/pages\/365","targetHints":{"allow":["GET"]}}],"collection":[{"href":"https:\/\/www.redies.com\/web\/wp-json\/wp\/v2\/pages"}],"about":[{"href":"https:\/\/www.redies.com\/web\/wp-json\/wp\/v2\/types\/page"}],"author":[{"embeddable":true,"href":"https:\/\/www.redies.com\/web\/wp-json\/wp\/v2\/users\/1"}],"replies":[{"embeddable":true,"href":"https:\/\/www.redies.com\/web\/wp-json\/wp\/v2\/comments?post=365"}],"version-history":[{"count":10,"href":"https:\/\/www.redies.com\/web\/wp-json\/wp\/v2\/pages\/365\/revisions"}],"predecessor-version":[{"id":1850,"href":"https:\/\/www.redies.com\/web\/wp-json\/wp\/v2\/pages\/365\/revisions\/1850"}],"wp:attachment":[{"href":"https:\/\/www.redies.com\/web\/wp-json\/wp\/v2\/media?parent=365"}],"curies":[{"name":"wp","href":"https:\/\/api.w.org\/{rel}","templated":true}]}}