{"id":159,"date":"2017-11-09T14:58:48","date_gmt":"2017-11-09T13:58:48","guid":{"rendered":"http:\/\/www.redies.com\/web\/?page_id=159"},"modified":"2020-03-09T10:20:01","modified_gmt":"2020-03-09T09:20:01","slug":"produkte-aufpolieren","status":"publish","type":"page","link":"https:\/\/www.redies.com\/web\/produkte-aufpolieren\/","title":{"rendered":"Produkte-Aufpolieren"},"content":{"rendered":"<div class=\"aufpolieren_left\">\r\n<p>An allen drei unserer Standorte k\u00f6nnen Ihre ausgezogenen Ziehsteine auch aufpoliert werden.<br \/>\r\n<br \/>\r\nKundenn\u00e4he hilft, spezifische Bed\u00fcrfnisse zu erf\u00fcllen.<\/p>\r\n<\/div>\r\n<div class=\"aufpolieren_right\"><img decoding=\"async\" class=\"alignnone wp-image-316 size-full\" src=\"https:\/\/www.redies.com\/web\/wp-content\/uploads\/2017\/12\/redies_europe9a_about_us_responsive.png\" alt=\"\" \/><\/div>\r\n<div><a href=\"https:\/\/www.redies.com\/web\/wp-content\/uploads\/2020\/03\/Prospektblatt_DINA4_2020_DE_web.pdf\" target=\"_blank\" rel=\"noopener noreferrer\"><img loading=\"lazy\" decoding=\"async\" class=\"alignnone wp-image-1411 size-full\" title=\"PDF Download\" src=\"https:\/\/www.redies.com\/web\/wp-content\/uploads\/2020\/03\/Prospektblatt_DINA4_2020_DE_Innenseite.jpg\" alt=\"PDF Download\" width=\"750\" height=\"532\" srcset=\"https:\/\/www.redies.com\/web\/wp-content\/uploads\/2020\/03\/Prospektblatt_DINA4_2020_DE_Innenseite.jpg 750w, https:\/\/www.redies.com\/web\/wp-content\/uploads\/2020\/03\/Prospektblatt_DINA4_2020_DE_Innenseite-300x213.jpg 300w\" sizes=\"auto, (max-width: 750px) 100vw, 750px\" \/><\/a><\/div>\r\n<p>Aufpolieren beinhaltet die folgenden Bearbeitungsschritte:<\/p>\r\n<ul class=\"aufzaelung_strich\">\r\n\t<li>Reinigung<\/li>\r\n\t<li>Entfernen des Zieh-Rings mittels Ultraschallbearbeitung<br \/>\r\n(bei Hartmetall-Ziehsteinen: Hochgeschwindigkeitsschleifen)<\/li>\r\n\t<li>Hochglanz-Politur mittels Ultraschall (HM-Steine: Hochgeschwindigkeitspolieren)<\/li>\r\n\t<li>Kalibrierung nach vom Kunden vorgegebener Toleranz oder unserer Standard-Toleranz f\u00fcr Neusteine<\/li>\r\n\t<li>Optische Endkontrolle von Oberfl\u00e4che und Durchmesser<\/li>\r\n\t<li>Gravur des Nennma\u00df F\u00fcr unsere Standard Toleranz und Geometrie siehe auch:<\/li>\r\n<\/ul>\r\n<p><a href=\"https:\/\/www.redies.com\/web\/produkte-hartmetall-technische-spezifikationen\/\">Ziehsteine aus Hartmetall<\/a><br \/>\r\n<a href=\"https:\/\/www.redies.com\/web\/produkte-ziehsteine-aus-nd-technische-spezifikationen\/\">Ziehsteine aus ND<\/a><br \/>\r\n<a href=\"https:\/\/www.redies.com\/web\/ziehsteine-aus-pkd-technische-spezifikation\/\">Ziehsteine aus PKD<\/a><\/p>","protected":false},"excerpt":{"rendered":"An allen drei unserer Standorte k\u00f6nnen Ihre ausgezogenen Ziehsteine auch aufpoliert werden. Kundenn\u00e4he hilft, spezifische Bed\u00fcrfnisse zu erf\u00fcllen. Aufpolieren beinhaltet die folgenden Bearbeitungsschritte: Reinigung Entfernen des Zieh-Rings mittels Ultraschallbearbeitung (bei Hartmetall-Ziehsteinen: Hochgeschwindigkeitsschleifen) Hochglanz-Politur mittels Ultraschall (HM-Steine: Hochgeschwindigkeitspolieren) Kalibrierung nach vom Kunden vorgegebener Toleranz oder unserer Standard-Toleranz f\u00fcr Neusteine Optische Endkontrolle von Oberfl\u00e4che und Durchmesser Gravur [&hellip;]","protected":false},"author":1,"featured_media":0,"parent":0,"menu_order":0,"comment_status":"closed","ping_status":"closed","template":"","meta":{"footnotes":""},"class_list":["post-159","page","type-page","status-publish","hentry"],"_links":{"self":[{"href":"https:\/\/www.redies.com\/web\/wp-json\/wp\/v2\/pages\/159","targetHints":{"allow":["GET"]}}],"collection":[{"href":"https:\/\/www.redies.com\/web\/wp-json\/wp\/v2\/pages"}],"about":[{"href":"https:\/\/www.redies.com\/web\/wp-json\/wp\/v2\/types\/page"}],"author":[{"embeddable":true,"href":"https:\/\/www.redies.com\/web\/wp-json\/wp\/v2\/users\/1"}],"replies":[{"embeddable":true,"href":"https:\/\/www.redies.com\/web\/wp-json\/wp\/v2\/comments?post=159"}],"version-history":[{"count":30,"href":"https:\/\/www.redies.com\/web\/wp-json\/wp\/v2\/pages\/159\/revisions"}],"predecessor-version":[{"id":1457,"href":"https:\/\/www.redies.com\/web\/wp-json\/wp\/v2\/pages\/159\/revisions\/1457"}],"wp:attachment":[{"href":"https:\/\/www.redies.com\/web\/wp-json\/wp\/v2\/media?parent=159"}],"curies":[{"name":"wp","href":"https:\/\/api.w.org\/{rel}","templated":true}]}}