{"id":156,"date":"2017-11-09T14:50:39","date_gmt":"2017-11-09T13:50:39","guid":{"rendered":"http:\/\/www.redies.com\/web\/?page_id=156"},"modified":"2019-02-05T00:18:15","modified_gmt":"2019-02-04T23:18:15","slug":"produkte-sonderwerkzeuge-profilziehsteine","status":"publish","type":"page","link":"https:\/\/www.redies.com\/web\/produkte-sonderwerkzeuge-profilziehsteine\/","title":{"rendered":"Produkte-Sonderwerkzeuge-Profilziehsteine"},"content":{"rendered":"<p>Profilziehsteine<\/p>\r\n<table class=\"profilziehsteine\">\r\n<tbody>\r\n<tr>\r\n<td colspan=\"3\">\r\n<p><b>REDIES<\/b> hat viel Erfahrung bei der Herstellung von kundenspezifischen Diamant-Werkzeugen:<br \/><br \/>\r\n&#8211; Profilziehsteine aus PKD und Hartmetall:<br \/>\r\nBeispiele:<\/p>\r\n<\/td>\r\n<\/tr>\r\n<tr>\r\n<td colspan=\"3\">Regelm\u00e4\u00dfige Profile:<\/td>\r\n<\/tr>\r\n<tr class=\"profilziehsteine\">\r\n<td>\u00a0<img loading=\"lazy\" decoding=\"async\" class=\"alignnone wp-image-239\" src=\"https:\/\/www.redies.com\/web\/wp-content\/uploads\/2017\/11\/st_regular_01_thumb.png\" alt=\"\" width=\"200\" height=\"200\" srcset=\"https:\/\/www.redies.com\/web\/wp-content\/uploads\/2017\/11\/st_regular_01_thumb.png 300w, https:\/\/www.redies.com\/web\/wp-content\/uploads\/2017\/11\/st_regular_01_thumb-150x150.png 150w\" sizes=\"auto, (max-width: 200px) 100vw, 200px\" \/><\/td>\r\n<td>\u00a0<img loading=\"lazy\" decoding=\"async\" class=\"alignnone wp-image-240\" src=\"https:\/\/www.redies.com\/web\/wp-content\/uploads\/2017\/11\/st_regular_02_thumb.png\" alt=\"\" width=\"200\" height=\"200\" srcset=\"https:\/\/www.redies.com\/web\/wp-content\/uploads\/2017\/11\/st_regular_02_thumb.png 300w, https:\/\/www.redies.com\/web\/wp-content\/uploads\/2017\/11\/st_regular_02_thumb-150x150.png 150w\" sizes=\"auto, (max-width: 200px) 100vw, 200px\" \/><\/td>\r\n<td><img loading=\"lazy\" decoding=\"async\" class=\"alignnone wp-image-241\" src=\"https:\/\/www.redies.com\/web\/wp-content\/uploads\/2017\/11\/st_regular_03_thumb.png\" alt=\"\" width=\"200\" height=\"200\" srcset=\"https:\/\/www.redies.com\/web\/wp-content\/uploads\/2017\/11\/st_regular_03_thumb.png 300w, https:\/\/www.redies.com\/web\/wp-content\/uploads\/2017\/11\/st_regular_03_thumb-150x150.png 150w\" sizes=\"auto, (max-width: 200px) 100vw, 200px\" \/>\u00a0<\/td>\r\n<\/tr>\r\n<tr>\r\n<td colspan=\"3\">Freiform-Profile:<\/td>\r\n<\/tr>\r\n<tr class=\"profilziehsteine\">\r\n<td>\u00a0<img loading=\"lazy\" decoding=\"async\" class=\"alignnone wp-image-236\" src=\"https:\/\/www.redies.com\/web\/wp-content\/uploads\/2017\/11\/st_arbitrary_01_thumb.png\" alt=\"\" width=\"200\" height=\"200\" srcset=\"https:\/\/www.redies.com\/web\/wp-content\/uploads\/2017\/11\/st_arbitrary_01_thumb.png 200w, https:\/\/www.redies.com\/web\/wp-content\/uploads\/2017\/11\/st_arbitrary_01_thumb-150x150.png 150w\" sizes=\"auto, (max-width: 200px) 100vw, 200px\" \/><\/td>\r\n<td>\u00a0<img loading=\"lazy\" decoding=\"async\" class=\"alignnone wp-image-237\" src=\"https:\/\/www.redies.com\/web\/wp-content\/uploads\/2017\/11\/st_arbitrary_02_thumb.png\" alt=\"\" width=\"200\" height=\"200\" srcset=\"https:\/\/www.redies.com\/web\/wp-content\/uploads\/2017\/11\/st_arbitrary_02_thumb.png 300w, https:\/\/www.redies.com\/web\/wp-content\/uploads\/2017\/11\/st_arbitrary_02_thumb-150x150.png 150w\" sizes=\"auto, (max-width: 200px) 100vw, 200px\" \/><\/td>\r\n<td>\u00a0<img loading=\"lazy\" decoding=\"async\" class=\"alignnone wp-image-238\" src=\"https:\/\/www.redies.com\/web\/wp-content\/uploads\/2017\/11\/st_arbitrary_03_thumb.png\" alt=\"\" width=\"200\" height=\"200\" srcset=\"https:\/\/www.redies.com\/web\/wp-content\/uploads\/2017\/11\/st_arbitrary_03_thumb.png 300w, https:\/\/www.redies.com\/web\/wp-content\/uploads\/2017\/11\/st_arbitrary_03_thumb-150x150.png 150w\" sizes=\"auto, (max-width: 200px) 100vw, 200px\" \/><\/td>\r\n<\/tr>\r\n<tr>\r\n<td colspan=\"3\">&#8211; Extrusionsd\u00fcsen zur Herstellung von Keramik- Widerst\u00e4nden<br \/>\r\n&#8211; Sch\u00e4l-Werkzeuge<br \/>\r\n&#8211; F\u00fchrungsd\u00fcsen f\u00fcr Drahterosionsmaschinen (EDM) Charmilles &#8211; Mitsubishi &#8211; Sodic &#8211; Fanuc<\/td>\r\n<\/tr>\r\n<\/tbody>\r\n<\/table>\r\n<p>&nbsp;<\/p>","protected":false},"excerpt":{"rendered":"Profilziehsteine REDIES hat viel Erfahrung bei der Herstellung von kundenspezifischen Diamant-Werkzeugen: &#8211; Profilziehsteine aus PKD und Hartmetall: Beispiele: Regelm\u00e4\u00dfige Profile: \u00a0 \u00a0 \u00a0 Freiform-Profile: \u00a0 \u00a0 \u00a0 &#8211; Extrusionsd\u00fcsen zur Herstellung von Keramik- Widerst\u00e4nden &#8211; Sch\u00e4l-Werkzeuge &#8211; F\u00fchrungsd\u00fcsen f\u00fcr Drahterosionsmaschinen (EDM) Charmilles &#8211; Mitsubishi &#8211; Sodic &#8211; Fanuc &nbsp;","protected":false},"author":1,"featured_media":0,"parent":0,"menu_order":0,"comment_status":"closed","ping_status":"closed","template":"","meta":{"footnotes":""},"class_list":["post-156","page","type-page","status-publish","hentry"],"_links":{"self":[{"href":"https:\/\/www.redies.com\/web\/wp-json\/wp\/v2\/pages\/156","targetHints":{"allow":["GET"]}}],"collection":[{"href":"https:\/\/www.redies.com\/web\/wp-json\/wp\/v2\/pages"}],"about":[{"href":"https:\/\/www.redies.com\/web\/wp-json\/wp\/v2\/types\/page"}],"author":[{"embeddable":true,"href":"https:\/\/www.redies.com\/web\/wp-json\/wp\/v2\/users\/1"}],"replies":[{"embeddable":true,"href":"https:\/\/www.redies.com\/web\/wp-json\/wp\/v2\/comments?post=156"}],"version-history":[{"count":10,"href":"https:\/\/www.redies.com\/web\/wp-json\/wp\/v2\/pages\/156\/revisions"}],"predecessor-version":[{"id":1012,"href":"https:\/\/www.redies.com\/web\/wp-json\/wp\/v2\/pages\/156\/revisions\/1012"}],"wp:attachment":[{"href":"https:\/\/www.redies.com\/web\/wp-json\/wp\/v2\/media?parent=156"}],"curies":[{"name":"wp","href":"https:\/\/api.w.org\/{rel}","templated":true}]}}