{"id":139,"date":"2017-11-09T11:48:29","date_gmt":"2017-11-09T10:48:29","guid":{"rendered":"http:\/\/www.redies.com\/web\/?page_id=139"},"modified":"2019-01-31T00:56:02","modified_gmt":"2019-01-30T23:56:02","slug":"produkte-saetze-nach-drahtverlaengerung","status":"publish","type":"page","link":"https:\/\/www.redies.com\/web\/produkte-saetze-nach-drahtverlaengerung\/","title":{"rendered":"Produkte &#8211; S\u00e4tze nach Drahtverl\u00e4ngerung"},"content":{"rendered":"<div class=\"elongation\"><p><strong>S\u00e4tze nach Drahtverl\u00e4ngerung<\/strong><br \/>\r\n<br \/>\r\nStandard-Toleranzen (siehe auch Produkte -&gt; Ziehsteine aus ND -&gt; Techn. Spez.) basieren auf der \u00dcberlegung, dass in Relation zu der theoretischen Drahtverl\u00e4ngerung<br \/>\r\n<br \/>\r\n1 % Abweichung beim Durchmesser oder<br \/>\r\n2 % Abweichung bei der Drahtverl\u00e4ngerung<br \/>\r\n<br \/>\r\n&#8222;toleriert&#8220; werden kann. Entweder durch Schlupf des Drahtes an den Ziehkoni oder durch die &#8222;gutm\u00fctige Natur&#8220; des Zug-Materials.<\/p>\r\n<p>Unter ung\u00fcnstigen Bedingungen kann dies jedoch zu einer Abweichung von bis zu 5 % bei der Drahtverl\u00e4ngerung f\u00fchren. Im Durchmesserbereich unter 0,1 mm und mit Mehrfach-Zug-Maschinen ist dies nicht pr\u00e4zise genug. Es kann zu Drahtbruch und &#8222;Wuhling&#8220; kommen.<br \/>\r\n<br \/>\r\nUm dies zu verhindern wenden wir bei REDIES 3 verschiedene Herstellungsmethoden an um Ziehs\u00e4tze zu fertigen:<br \/>\r\n<br \/>\r\n<br \/>\r\n<strong>1. Drahtverl\u00e4ngerung (konventionelle Methode)<\/strong><br \/>\r\n<br \/>\r\nS\u00e4tze werden mit h\u00f6chsten +\/- 1% Abweichung bei der Drahtverl\u00e4ngerung gefertigt (bzw. aufpoliert).<br \/>\r\nBeginnend beim gr\u00f6\u00dften Durchmesser werden die Werkzeuge einzeln, nacheinander &#8222;in die Toleranz&#8220; poliert. Die Drahtverl\u00e4ngerung wird wiederholt mit einer Drahtverl\u00e4ngerungs-Messapparatur kontrolliert.<\/p>\r\n<p><img loading=\"lazy\" decoding=\"async\" class=\"alignnone size-full wp-image-143\" src=\"https:\/\/www.redies.com\/web\/wp-content\/uploads\/2017\/11\/elongation0.jpg\" alt=\"\" width=\"750\" height=\"500\" srcset=\"https:\/\/www.redies.com\/web\/wp-content\/uploads\/2017\/11\/elongation0.jpg 750w, https:\/\/www.redies.com\/web\/wp-content\/uploads\/2017\/11\/elongation0-300x200.jpg 300w\" sizes=\"auto, (max-width: 750px) 100vw, 750px\" \/><br \/>\r\nMessen der Drahtverl\u00e4ngerung<br \/>\r\n<br \/>\r\nDiese Methode ist zwar sehr pr\u00e4zise aber zeitaufw\u00e4ndig und daher kostspieliger.<\/p>\r\n<p>&nbsp;<\/p>\r\n<p><strong>2. Methode der halben Standard-Toleranz<\/strong><\/p>\r\n<p>Durch Wiegen (Schneiden einer bestimmten L\u00e4nge von Wo- oder Cu-Draht) oder messen mit einem Lasermikrometer ist es m\u00f6glich die Standard Toleranz um 50 % zu verringern.<br \/>\r\nS\u00e4tze nach Drahtverl\u00e4ngerung<\/p>\r\n<p><img loading=\"lazy\" decoding=\"async\" class=\"alignnone size-full wp-image-144\" src=\"https:\/\/www.redies.com\/web\/wp-content\/uploads\/2017\/11\/elongation1.gif\" alt=\"\" width=\"750\" height=\"766\" \/><br \/>\r\nZiehsteine k\u00f6nnen in Gruppen gefertigt werden. Diese Methode ist weniger zeitintensiv als die konventionelle Drahtverl\u00e4ngerung Methode aber fast genauso verl\u00e4sslich.<\/p>\r\n<p><strong>3. REDIES Matrix Methode<\/strong><\/p>\r\n<p>Insbesondere angewendet bei der Fertigung oder Reparatur von S\u00e4tzen f\u00fcr Mehrfach-Drahtzugmaschinen.<\/p>\r\n<p>Zun\u00e4chst werden die Ziehsteine mittels der Methode der halben Standard-Toleranz in den niedrigeren Toleranzbereich gefertigt, bzw. aufpoliert.<\/p>\r\n<p>Danach werden die Ziehsteine wie folgt sortiert:<\/p>\r\n<p><img loading=\"lazy\" decoding=\"async\" class=\"alignnone size-full wp-image-145\" src=\"https:\/\/www.redies.com\/web\/wp-content\/uploads\/2017\/11\/elongation2.gif\" alt=\"\" width=\"750\" height=\"349\" \/><\/p>\r\n<p>Endsteine werden horizontal mit dem kleinsten Ist-Ma\u00df beginnend nach links&#8230;<br \/>\r\ndem gr\u00f6\u00dften Ist-Ma\u00df nach rechts.<\/p>\r\n<p>Als n\u00e4chstes kommt das n\u00e4chst h\u00f6here Nenn-Ma\u00df, wieder beginnend mit dem kleinsten Ist-Ma\u00df auf der linken Seite&#8230;<\/p>\r\n<p>Wenn alle Ziehsteine so gefertigt und in die Matrix &#8222;gelegt&#8220; sind, werden die S\u00e4tze aus den Vertikalen zusammengestellt.<\/p>\r\n<p><img loading=\"lazy\" decoding=\"async\" class=\"alignnone size-full wp-image-146\" src=\"https:\/\/www.redies.com\/web\/wp-content\/uploads\/2017\/11\/elongation3.gif\" alt=\"\" width=\"750\" height=\"634\" \/><\/p>\r\n<p>Folglich bedeuten mehr Ziehsteins\u00e4tze weniger Abweichung von der theoretischen Drahtverl\u00e4ngerung in einem Satz.<br \/>\r\nKleine \u00c4nderungen nach der Messung der Drahtverl\u00e4ngerung k\u00f6nnen einfach durchgef\u00fchrt werden.<\/p>\r\n<p>Ziehsteins\u00e4tze werden mit Me\u00dfprotokoll geliefert.<\/p>\r\n<p><img loading=\"lazy\" decoding=\"async\" class=\"alignnone size-full wp-image-147\" src=\"https:\/\/www.redies.com\/web\/wp-content\/uploads\/2017\/11\/elongation4.gif\" alt=\"\" width=\"750\" height=\"231\" \/><br \/>\r\n<br \/>\r\nStand 09.2018<\/p><\/div>","protected":false},"excerpt":{"rendered":"S\u00e4tze nach Drahtverl\u00e4ngerung Standard-Toleranzen (siehe auch Produkte -&gt; Ziehsteine aus ND -&gt; Techn. Spez.) basieren auf der \u00dcberlegung, dass in Relation zu der theoretischen Drahtverl\u00e4ngerung 1 % Abweichung beim Durchmesser oder 2 % Abweichung bei der Drahtverl\u00e4ngerung &#8222;toleriert&#8220; werden kann. Entweder durch Schlupf des Drahtes an den Ziehkoni oder durch die &#8222;gutm\u00fctige Natur&#8220; des Zug-Materials. [&hellip;]","protected":false},"author":1,"featured_media":0,"parent":0,"menu_order":0,"comment_status":"closed","ping_status":"closed","template":"","meta":{"footnotes":""},"class_list":["post-139","page","type-page","status-publish","hentry"],"_links":{"self":[{"href":"https:\/\/www.redies.com\/web\/wp-json\/wp\/v2\/pages\/139","targetHints":{"allow":["GET"]}}],"collection":[{"href":"https:\/\/www.redies.com\/web\/wp-json\/wp\/v2\/pages"}],"about":[{"href":"https:\/\/www.redies.com\/web\/wp-json\/wp\/v2\/types\/page"}],"author":[{"embeddable":true,"href":"https:\/\/www.redies.com\/web\/wp-json\/wp\/v2\/users\/1"}],"replies":[{"embeddable":true,"href":"https:\/\/www.redies.com\/web\/wp-json\/wp\/v2\/comments?post=139"}],"version-history":[{"count":5,"href":"https:\/\/www.redies.com\/web\/wp-json\/wp\/v2\/pages\/139\/revisions"}],"predecessor-version":[{"id":1010,"href":"https:\/\/www.redies.com\/web\/wp-json\/wp\/v2\/pages\/139\/revisions\/1010"}],"wp:attachment":[{"href":"https:\/\/www.redies.com\/web\/wp-json\/wp\/v2\/media?parent=139"}],"curies":[{"name":"wp","href":"https:\/\/api.w.org\/{rel}","templated":true}]}}